{"id":2235,"date":"2026-04-01T10:36:28","date_gmt":"2026-04-01T08:36:28","guid":{"rendered":"https:\/\/opelviladecans.com\/politica-de-cookies\/"},"modified":"2026-05-04T16:59:47","modified_gmt":"2026-05-04T14:59:47","slug":"politica-de-cookies","status":"publish","type":"page","link":"https:\/\/opelviladecans.com\/ca\/politica-de-cookies\/","title":{"rendered":"Pol\u00edtica de cookies"},"content":{"rendered":"\t\t<div data-elementor-type=\"wp-page\" data-elementor-id=\"2235\" class=\"elementor elementor-2235 elementor-271\" data-elementor-post-type=\"page\">\n\t\t\t\t<div class=\"elementor-element elementor-element-8727255 e-grid e-con-full e-con e-parent\" data-id=\"8727255\" data-element_type=\"container\" data-e-type=\"container\">\n\t\t<div class=\"elementor-element elementor-element-0b1b0ce e-con-full e-flex e-con e-child\" data-id=\"0b1b0ce\" data-element_type=\"container\" data-e-type=\"container\" data-settings=\"{&quot;sticky&quot;:&quot;top&quot;,&quot;sticky_on&quot;:[&quot;desktop&quot;],&quot;sticky_offset&quot;:104,&quot;sticky_parent&quot;:&quot;yes&quot;,&quot;sticky_effects_offset&quot;:0,&quot;sticky_anchor_link_offset&quot;:0}\">\n\t\t<div class=\"elementor-element elementor-element-64ce7fb e-con-full e-flex e-con e-child\" data-id=\"64ce7fb\" data-element_type=\"container\" data-e-type=\"container\">\n\t\t\t\t<div class=\"elementor-element elementor-element-2e12ae2 elementor-widget elementor-widget-heading\" data-id=\"2e12ae2\" data-element_type=\"widget\" data-e-type=\"widget\" data-widget_type=\"heading.default\">\n\t\t\t\t\t<h1 class=\"elementor-heading-title elementor-size-default\">Pol\u00edtica de cookies<\/h1>\t\t\t\t<\/div>\n\t\t\t\t<div class=\"elementor-element elementor-element-883cd58 elementor-widget elementor-widget-text-editor\" data-id=\"883cd58\" data-element_type=\"widget\" data-e-type=\"widget\" data-widget_type=\"text-editor.default\">\n\t\t\t\t\t\t\t\t\t<p>En continuar navegant al nostre lloc, acceptes l&#8217;\u00fas de galetes d&#8217;acord amb aquesta pol\u00edtica. Aqu\u00ed t&#8217;expliquem com i per qu\u00e8 les fem servir. <\/p>\t\t\t\t\t\t\t\t<\/div>\n\t\t\t\t<\/div>\n\t\t\t\t<div class=\"elementor-element elementor-element-1f89145 elementor-widget elementor-widget-button\" data-id=\"1f89145\" data-element_type=\"widget\" data-e-type=\"widget\" data-widget_type=\"button.default\">\n\t\t\t\t\t\t\t\t\t\t<a class=\"elementor-button elementor-button-link elementor-size-sm\" href=\"https:\/\/opelviladecans.com\/ca\/contacte\/\">\n\t\t\t\t\t\t<span class=\"elementor-button-content-wrapper\">\n\t\t\t\t\t\t\t\t\t<span class=\"elementor-button-text\">Contacta amb nosaltres<\/span>\n\t\t\t\t\t<\/span>\n\t\t\t\t\t<\/a>\n\t\t\t\t\t\t\t\t<\/div>\n\t\t\t\t<\/div>\n\t\t<div class=\"elementor-element elementor-element-131a1b0 e-flex e-con-boxed e-con e-child\" data-id=\"131a1b0\" data-element_type=\"container\" data-e-type=\"container\">\n\t\t\t\t\t<div class=\"e-con-inner\">\n\t\t\t\t<div class=\"elementor-element elementor-element-2897983 elementor-widget elementor-widget-text-editor\" data-id=\"2897983\" data-element_type=\"widget\" data-e-type=\"widget\" data-widget_type=\"text-editor.default\">\n\t\t\t\t\t\t\t\t\t<p><strong>Informaci\u00f3 general<\/strong><\/p><p>A causa de l&#8217;entrada en vigor de la referent modificaci\u00f3 de la \u201cLlei de Serveis de la Societat de la Informaci\u00f3\u201d (LSSICE) establerta pel Reial Decret 13\/2012, \u00e9s obligaci\u00f3 obtenir el consentiment expr\u00e9s de l&#8217;usuari de totes les p\u00e0gines web que usen cookies prescindibles, abans que aquest navegui.<\/p><p><strong>\u00bfQu\u00e8 s\u00f3n las cookies?<\/strong><\/p><p>Les cookies i altres tecnologies similars com a local shared objects, flash cookies o p\u00edxels, s\u00f3n eines utilitzades pels servidors web per emmagatzemar i recuperar informaci\u00f3 sobre els seus visitants, aix\u00ed com per oferir un correcte funcionament del lloc.<br>Mitjan\u00e7ant l\u00fas daquests dispositius es permet al servidor web recordar algunes dades concernents a lusuari, com les seves prefer\u00e8ncies per a la visualitzaci\u00f3 de les p\u00e0gines daquest servidor, nom i contrasenya, productes que m\u00e9s li interessen, etc.<br>Cookies afectades per la normativa i galetes exceptuades<\/p><p>Segons la directiva de la UE, les galetes que requereixen el consentiment informat per part de l&#8217;usuari s\u00f3n les galetes d&#8217;anal\u00edtica i les de publicitat i afiliaci\u00f3, i queden exceptuades les de car\u00e0cter t\u00e8cnic i les necess\u00e0ries per al funcionament del lloc web o la prestaci\u00f3 de serveis expressament sol\u00b7licitats per l&#8217;usuari.<\/p><p><strong>Qui utilitza la informaci\u00f3 de les galetes?<\/strong><\/p><p><strong>Nom de l&#8217;empresa<\/strong>: Talleres Isidoro Ledesma, S.L.<br><strong>NIF<\/strong>: B58532110<br><strong>Carrer<\/strong>: C\/ Agricultura, 36, 08840, Viladecans, Barcelona<\/p><p><strong>Quins tipus de galetes hi ha?<\/strong><\/p><p>Les Cookies es poden classificar, en virtut de les seves caracter\u00edstiques pr\u00f2pies, dins de diverses categories.<\/p><p><em>Segons la titularitat<\/em><\/p><p><strong>Cookies pr\u00f2pies<\/strong>: S\u00f3n aquelles que s&#8217;envien a l&#8217;equip terminal de l&#8217;usuari des d&#8217;un equip o domini gestionat pel mateix editor i des del qual es presta el servei Sol\u00b7licitat per l&#8217;usuari.<\/p><p><strong>Cookies de tercers<\/strong>: S\u00f3n aquelles que s&#8217;envien a l&#8217;equip terminal de l&#8217;usuari des d&#8217;un equip o domini que no \u00e9s gestionat per l&#8217;editor, sin\u00f3 per una altra entitat que tracta les dades obtingudes a trav\u00e9s de les galetes.<br>Segons la durada<\/p><p><strong>Cookies de sessi\u00f3<\/strong>: S\u00f3n un tipus de cookies dissenyades per demanar i emmagatzemar dades mentre l&#8217;usuari accedeix a una p\u00e0gina web.<\/p><p><strong>Cookies persistents<\/strong>: S\u00f3n un tipus de cookies on les dades segueixen emmagatzemades al terminal i poden ser accedides i tractades durant un per\u00edode definit pel responsable de la galeta, i que pot anar d&#8217;uns minuts a diversos anys.<\/p><p><em>Seg\u00fan la funcionalidad<\/em><\/p><p><strong>Cookies necess\u00e0ries<\/strong>: s\u00f3n aquelles imprescindibles per al correcte funcionament del lloc web. No recopilen cap tipus de dades d&#8217;usuari i recullen informaci\u00f3 com ara la prefer\u00e8ncia d&#8217;idioma, si s&#8217;ha acceptat la pol\u00edtica de cookies, etc. <\/p><p><strong>Cookies d&#8217;an\u00e0lisi<\/strong>: S\u00f3n aquelles que ben tractades per nosaltres o per tercers, ens permeten quantificar el nombre d&#8217;usuaris i aix\u00ed fer el mesurament i l&#8217;an\u00e0lisi estad\u00edstica de la utilitzaci\u00f3 que fan els usuaris del servei ofert. Per aix\u00f2 s&#8217;analitza la vostra navegaci\u00f3 a la nostra p\u00e0gina web per millorar l&#8217;oferta de productes o serveis que us oferim. <\/p><p><strong>Cookies publicit\u00e0ries o de m\u00e0rqueting<\/strong>: S\u00f3n aquelles que permeten la gesti\u00f3, de la manera m\u00e9s efica\u00e7 possible, dels espais publicitaris que, si escau, l&#8217;editor hagi incl\u00f2s en una p\u00e0gina web, aplicaci\u00f3 o plataforma des de la qual presta el servei sol\u00b7licitat en base a criteris com el contingut editat o la freq\u00fc\u00e8ncia en qu\u00e8 es mostren els anuncis.<\/p><p><strong>Cookies de publicitat comportamental o de m\u00e0rqueting personalitzat<\/strong>: S\u00f3n aquelles que permeten la gesti\u00f3, de la manera m\u00e9s efica\u00e7 possible, dels espais publicitaris que, si escau, l&#8217;editor hagi incl\u00f2s en una p\u00e0gina web, aplicaci\u00f3 o plataforma des de la qual presta el servei sol\u00b7licitat. Aquestes cookies emmagatzemen informaci\u00f3 del comportament dels usuaris obtinguda a trav\u00e9s de la cont\u00ednua observaci\u00f3 dels seus h\u00e0bits de navegaci\u00f3, cosa que permet desenvolupar un perfil espec\u00edfic per mostrar publicitat en funci\u00f3 del mateix. Aix\u00ed mateix \u00e9s possible que en visitar alguna p\u00e0gina web o en obrir algun email on es publiqui algun anunci o promoci\u00f3 sobre els nostres productes o serveis s&#8217;instal\u00b7li al teu navegador alguna galeta que ens serveix per mostrar posteriorment publicitat relacionada amb la cerca que hagis realitzat, desenvolupar un control dels nostres anuncis en relaci\u00f3, per exemple, amb el nombre de vegades que s\u00f3n vistos, on apareixen, a quina hora es veu.  <\/p><p><strong>Cookies que utilitza el lloc web<\/strong><\/p><div class=\"cky-audit-table-element\"> <\/div><p><strong>Com eliminar les cookies del navegador<\/strong><\/p><p>T&#8217;informem que, en qualsevol cas, pots deshabilitar o bloquejar les galetes activant la configuraci\u00f3 del teu navegador, permetent rebutjar la instal\u00b7laci\u00f3 de totes o algunes de les galetes. En cas de no permetre la instal\u00b7laci\u00f3 de cookies \u00e9s possible que no puguis accedir a algunes de les funcionalitats del present lloc web, i per tant, la teva experi\u00e8ncia com a usuari al lloc web sigui menys satisfact\u00f2ria. <\/p><p>Pots permetre, bloquejar o eliminar les cookies instal\u00b7lades al teu equip mitjan\u00e7ant la configuraci\u00f3 de les opcions del navegador instal\u00b7lat al teu ordinador. Per a m\u00e9s informaci\u00f3 sobre com ajustar les vostres configuracions de cookies als seg\u00fcents navegadors, us remetem a l&#8217;enlla\u00e7 pertinent: <\/p><p><em>Internet Explorer<\/em><\/p><p><a href=\"https:\/\/support.microsoft.com\/es-es\/help\/17442\/windows-internet-explorer-delete-manage-cookies\">https:\/\/support.microsoft.com\/es-es\/help\/17442\/windows-internet-explorer-delete-manage-cookies<\/a><\/p><p><em>Firefox<\/em><\/p><p><a href=\"https:\/\/support.mozilla.org\/es\/kb\/habilitar-y-deshabilitar-cookies-sitios-web-rastrear-preferencias?redirectlocale=es&amp;redirectslug=habilitar-y-deshabilitar-cookies-que-los-sitios-we\">https:\/\/support.mozilla.org\/es\/kb\/habilitar-y-deshabilitar-cookies-sitios-web-rastrear-preferencias?redirectlocale=es&amp;redirectslug=habilitar-y-deshabilitar-cookies-que-los-sitios-we<\/a><\/p><p><em>Chrome<\/em><\/p><p><a href=\"http:\/\/support.google.com\/chrome\/bin\/answer.py?hl=en&amp;answer=9564\">http:\/\/support.google.com\/chrome\/bin\/answer.py?hl=en&amp;answer=9564<\/a><\/p><p><em>Safari<\/em><\/p><p><a href=\"https:\/\/support.apple.com\/kb\/PH19214?viewlocale=es_ES&amp;locale=es_ES\">https:\/\/support.apple.com\/kb\/PH19214?viewlocale=es_ES&amp;locale=es_ES<\/a><\/p><p><em>Opera<\/em><\/p><p><a href=\"http:\/\/help.opera.com\/Windows\/11.50\/es-ES\/cookies.html\">http:\/\/help.opera.com\/Windows\/11.50\/es-ES\/cookies.html<\/a><\/p><p><strong>Quins drets tens sobre les dades personals aportades?<\/strong><\/p><p>Com a usuari, pots exercitar els drets seg\u00fcents:<\/p><ul><li>Dret d&#8217;acc\u00e9s: Teniu dret a obtenir per part de l&#8217;empresa confirmaci\u00f3 de si s&#8217;estan tractant o no les vostres dades personals que, i si escau, quines dades tracta.<\/li><li>Dret de rectificaci\u00f3: Teniu dret a obtenir per part de l&#8217;empresa, la rectificaci\u00f3 de les dades personals inexactes que us concerneixen. A la sol\u00b7licitud de rectificaci\u00f3 haur\u00e0s d&#8217;indicar les dades que desitges que es modifiquin. <\/li><li>Dret d&#8217;oposici\u00f3: Teniu dret a oposar-vos en qualsevol moment, per motius relacionats amb la vostra situaci\u00f3 particular, que dades personals que us concerneixin siguin objecte d&#8217;un tractament basat en l&#8217;inter\u00e8s leg\u00edtim de l&#8217;empresa. En aquest cas, l&#8217;empresa deixar\u00e0 de tractar les dades personals, llevat que acreditem motius imperiosos leg\u00edtims per al tractament que prevalguin sobre els teus interessos, drets i llibertats, o per a la formulaci\u00f3, l&#8217;exercici o la defensa de reclamacions. <\/li><li>Dret de supressi\u00f3: Teniu dret a obtenir per part de l&#8217;empresa, la supressi\u00f3 de les dades personals que us concerneixin.<\/li><li>Dret a la portabilitat de les dades: Teniu dret que l&#8217;empresa transfereixi les vostres dades personals a un altre responsable del tractament. Nom\u00e9s \u00e9s possible exercir aquest dret quan el tractament estigui basat en l&#8217;execuci\u00f3 d&#8217;un contracte o en el vostre consentiment i el tractament es realitzi per mitjans automatitzats. <\/li><li>Dret a la limitaci\u00f3 del tractament: Tens dret a sol\u00b7licitar-nos que suspenguem el tractament de les teves dades quan: impugnes l&#8217;exactitud de les dades, mentre l&#8217;empresa verifica aquesta exactitud; hagis exercit el dret d&#8217;oposici\u00f3 al tractament de les teves dades, mentre que es verifica si els motius leg\u00edtims de l&#8217;empresa prevalen sobre els teus com a interessats.<\/li><li>Dret a no ser objecte de decisions individuals automatitzades, inclosa l&#8217;elaboraci\u00f3 de perfils: Tens dret a no ser objecte d&#8217;una decisi\u00f3 basada \u00fanicament en el tractament automatitzat, inclosa l&#8217;elaboraci\u00f3 de perfils, que produeixi efectes jur\u00eddics o t&#8217;afecti significativament de manera semblant.<\/li><\/ul><p>En qualsevol moment, podr\u00e0s exercitar aquests Drets, mitjan\u00e7ant un escrit i acreditant la teva personalitat adre\u00e7at al responsable del tractament, a la direcci\u00f3 que apareix m\u00e9s amunt.<\/p><p>A m\u00e9s, podr\u00e0s presentar una reclamaci\u00f3 davant de l&#8217;autoritat de control, en aquest cas, l&#8217;Ag\u00e8ncia Espanyola de Protecci\u00f3 de Dades, si consideres que el tractament de dades personals infringeix la legislaci\u00f3 aplicable.<\/p>\t\t\t\t\t\t\t\t<\/div>\n\t\t\t\t\t<\/div>\n\t\t\t\t<\/div>\n\t\t\t\t<\/div>\n\t\t\t\t<\/div>\n\t\t","protected":false},"excerpt":{"rendered":"<p>En continuar navegant al nostre lloc, acceptes l&#8217;\u00fas de galetes d&#8217;acord amb aquesta pol\u00edtica. Aqu\u00ed t&#8217;expliquem com i per qu\u00e8 les fem servir. Contacta amb nosaltres Informaci\u00f3 general A causa de l&#8217;entrada en vigor de la referent modificaci\u00f3 de la \u201cLlei de Serveis de la Societat de la Informaci\u00f3\u201d (LSSICE) establerta pel Reial Decret 13\/2012, [&hellip;]<\/p>\n","protected":false},"author":2,"featured_media":0,"parent":0,"menu_order":0,"comment_status":"closed","ping_status":"closed","template":"","meta":{"_acf_changed":false,"footnotes":""},"class_list":["post-2235","page","type-page","status-publish","hentry"],"acf":[],"yoast_head":"<!-- This site is optimized with the Yoast SEO plugin v27.5 - https:\/\/yoast.com\/product\/yoast-seo-wordpress\/ -->\n<title>Pol\u00edtica de cookies - Opel Viladecans<\/title>\n<meta name=\"robots\" content=\"noindex, nofollow\" \/>\n<meta property=\"og:locale\" content=\"ca_ES\" \/>\n<meta property=\"og:type\" content=\"article\" \/>\n<meta property=\"og:title\" content=\"Pol\u00edtica de cookies - Opel Viladecans\" \/>\n<meta property=\"og:description\" content=\"En continuar navegant al nostre lloc, acceptes l&#8217;\u00fas de galetes d&#8217;acord amb aquesta pol\u00edtica. Aqu\u00ed t&#8217;expliquem com i per qu\u00e8 les fem servir. Contacta amb nosaltres Informaci\u00f3 general A causa de l&#8217;entrada en vigor de la referent modificaci\u00f3 de la \u201cLlei de Serveis de la Societat de la Informaci\u00f3\u201d (LSSICE) establerta pel Reial Decret 13\/2012, [&hellip;]\" \/>\n<meta property=\"og:url\" content=\"https:\/\/opelviladecans.com\/ca\/politica-de-cookies\/\" \/>\n<meta property=\"og:site_name\" content=\"Opel Viladecans\" \/>\n<meta property=\"article:modified_time\" content=\"2026-05-04T14:59:47+00:00\" \/>\n<meta name=\"twitter:card\" content=\"summary_large_image\" \/>\n<meta name=\"twitter:label1\" content=\"Temps estimat de lectura\" \/>\n\t<meta name=\"twitter:data1\" content=\"8 minuts\" \/>\n<script type=\"application\/ld+json\" class=\"yoast-schema-graph\">{\"@context\":\"https:\\\/\\\/schema.org\",\"@graph\":[{\"@type\":\"WebPage\",\"@id\":\"https:\\\/\\\/opelviladecans.com\\\/ca\\\/politica-de-cookies\\\/\",\"url\":\"https:\\\/\\\/opelviladecans.com\\\/ca\\\/politica-de-cookies\\\/\",\"name\":\"Pol\u00edtica de cookies - Opel Viladecans\",\"isPartOf\":{\"@id\":\"https:\\\/\\\/opelviladecans.com\\\/ca\\\/#website\"},\"datePublished\":\"2026-04-01T08:36:28+00:00\",\"dateModified\":\"2026-05-04T14:59:47+00:00\",\"breadcrumb\":{\"@id\":\"https:\\\/\\\/opelviladecans.com\\\/ca\\\/politica-de-cookies\\\/#breadcrumb\"},\"inLanguage\":\"ca\",\"potentialAction\":[{\"@type\":\"ReadAction\",\"target\":[\"https:\\\/\\\/opelviladecans.com\\\/ca\\\/politica-de-cookies\\\/\"]}]},{\"@type\":\"BreadcrumbList\",\"@id\":\"https:\\\/\\\/opelviladecans.com\\\/ca\\\/politica-de-cookies\\\/#breadcrumb\",\"itemListElement\":[{\"@type\":\"ListItem\",\"position\":1,\"name\":\"Portada\",\"item\":\"https:\\\/\\\/opelviladecans.com\\\/ca\\\/\"},{\"@type\":\"ListItem\",\"position\":2,\"name\":\"Pol\u00edtica de cookies\"}]},{\"@type\":\"WebSite\",\"@id\":\"https:\\\/\\\/opelviladecans.com\\\/ca\\\/#website\",\"url\":\"https:\\\/\\\/opelviladecans.com\\\/ca\\\/\",\"name\":\"Talleres Isidoro Ledesma - Opel Viladecans\",\"description\":\"\",\"publisher\":{\"@id\":\"https:\\\/\\\/opelviladecans.com\\\/ca\\\/#organization\"},\"potentialAction\":[{\"@type\":\"SearchAction\",\"target\":{\"@type\":\"EntryPoint\",\"urlTemplate\":\"https:\\\/\\\/opelviladecans.com\\\/ca\\\/?s={search_term_string}\"},\"query-input\":{\"@type\":\"PropertyValueSpecification\",\"valueRequired\":true,\"valueName\":\"search_term_string\"}}],\"inLanguage\":\"ca\"},{\"@type\":\"Organization\",\"@id\":\"https:\\\/\\\/opelviladecans.com\\\/ca\\\/#organization\",\"name\":\"Talleres Isidoro Ledesma\",\"url\":\"https:\\\/\\\/opelviladecans.com\\\/ca\\\/\",\"logo\":{\"@type\":\"ImageObject\",\"inLanguage\":\"ca\",\"@id\":\"https:\\\/\\\/opelviladecans.com\\\/ca\\\/#\\\/schema\\\/logo\\\/image\\\/\",\"url\":\"https:\\\/\\\/opelviladecans.com\\\/wp-content\\\/uploads\\\/2026\\\/03\\\/logo-opel-wl.avif\",\"contentUrl\":\"https:\\\/\\\/opelviladecans.com\\\/wp-content\\\/uploads\\\/2026\\\/03\\\/logo-opel-wl.avif\",\"width\":200,\"height\":200,\"caption\":\"Talleres Isidoro Ledesma\"},\"image\":{\"@id\":\"https:\\\/\\\/opelviladecans.com\\\/ca\\\/#\\\/schema\\\/logo\\\/image\\\/\"}}]}<\/script>\n<!-- \/ Yoast SEO plugin. -->","yoast_head_json":{"title":"Pol\u00edtica de cookies - Opel Viladecans","robots":{"index":"noindex","follow":"nofollow"},"og_locale":"ca_ES","og_type":"article","og_title":"Pol\u00edtica de cookies - Opel Viladecans","og_description":"En continuar navegant al nostre lloc, acceptes l&#8217;\u00fas de galetes d&#8217;acord amb aquesta pol\u00edtica. Aqu\u00ed t&#8217;expliquem com i per qu\u00e8 les fem servir. Contacta amb nosaltres Informaci\u00f3 general A causa de l&#8217;entrada en vigor de la referent modificaci\u00f3 de la \u201cLlei de Serveis de la Societat de la Informaci\u00f3\u201d (LSSICE) establerta pel Reial Decret 13\/2012, [&hellip;]","og_url":"https:\/\/opelviladecans.com\/ca\/politica-de-cookies\/","og_site_name":"Opel Viladecans","article_modified_time":"2026-05-04T14:59:47+00:00","twitter_card":"summary_large_image","twitter_misc":{"Temps estimat de lectura":"8 minuts"},"schema":{"@context":"https:\/\/schema.org","@graph":[{"@type":"WebPage","@id":"https:\/\/opelviladecans.com\/ca\/politica-de-cookies\/","url":"https:\/\/opelviladecans.com\/ca\/politica-de-cookies\/","name":"Pol\u00edtica de cookies - Opel Viladecans","isPartOf":{"@id":"https:\/\/opelviladecans.com\/ca\/#website"},"datePublished":"2026-04-01T08:36:28+00:00","dateModified":"2026-05-04T14:59:47+00:00","breadcrumb":{"@id":"https:\/\/opelviladecans.com\/ca\/politica-de-cookies\/#breadcrumb"},"inLanguage":"ca","potentialAction":[{"@type":"ReadAction","target":["https:\/\/opelviladecans.com\/ca\/politica-de-cookies\/"]}]},{"@type":"BreadcrumbList","@id":"https:\/\/opelviladecans.com\/ca\/politica-de-cookies\/#breadcrumb","itemListElement":[{"@type":"ListItem","position":1,"name":"Portada","item":"https:\/\/opelviladecans.com\/ca\/"},{"@type":"ListItem","position":2,"name":"Pol\u00edtica de cookies"}]},{"@type":"WebSite","@id":"https:\/\/opelviladecans.com\/ca\/#website","url":"https:\/\/opelviladecans.com\/ca\/","name":"Talleres Isidoro Ledesma - Opel Viladecans","description":"","publisher":{"@id":"https:\/\/opelviladecans.com\/ca\/#organization"},"potentialAction":[{"@type":"SearchAction","target":{"@type":"EntryPoint","urlTemplate":"https:\/\/opelviladecans.com\/ca\/?s={search_term_string}"},"query-input":{"@type":"PropertyValueSpecification","valueRequired":true,"valueName":"search_term_string"}}],"inLanguage":"ca"},{"@type":"Organization","@id":"https:\/\/opelviladecans.com\/ca\/#organization","name":"Talleres Isidoro Ledesma","url":"https:\/\/opelviladecans.com\/ca\/","logo":{"@type":"ImageObject","inLanguage":"ca","@id":"https:\/\/opelviladecans.com\/ca\/#\/schema\/logo\/image\/","url":"https:\/\/opelviladecans.com\/wp-content\/uploads\/2026\/03\/logo-opel-wl.avif","contentUrl":"https:\/\/opelviladecans.com\/wp-content\/uploads\/2026\/03\/logo-opel-wl.avif","width":200,"height":200,"caption":"Talleres Isidoro Ledesma"},"image":{"@id":"https:\/\/opelviladecans.com\/ca\/#\/schema\/logo\/image\/"}}]}},"_links":{"self":[{"href":"https:\/\/opelviladecans.com\/ca\/wp-json\/wp\/v2\/pages\/2235","targetHints":{"allow":["GET"]}}],"collection":[{"href":"https:\/\/opelviladecans.com\/ca\/wp-json\/wp\/v2\/pages"}],"about":[{"href":"https:\/\/opelviladecans.com\/ca\/wp-json\/wp\/v2\/types\/page"}],"author":[{"embeddable":true,"href":"https:\/\/opelviladecans.com\/ca\/wp-json\/wp\/v2\/users\/2"}],"replies":[{"embeddable":true,"href":"https:\/\/opelviladecans.com\/ca\/wp-json\/wp\/v2\/comments?post=2235"}],"version-history":[{"count":4,"href":"https:\/\/opelviladecans.com\/ca\/wp-json\/wp\/v2\/pages\/2235\/revisions"}],"predecessor-version":[{"id":2552,"href":"https:\/\/opelviladecans.com\/ca\/wp-json\/wp\/v2\/pages\/2235\/revisions\/2552"}],"wp:attachment":[{"href":"https:\/\/opelviladecans.com\/ca\/wp-json\/wp\/v2\/media?parent=2235"}],"curies":[{"name":"wp","href":"https:\/\/api.w.org\/{rel}","templated":true}]}}