{"id":2233,"date":"2026-04-01T10:36:14","date_gmt":"2026-04-01T08:36:14","guid":{"rendered":"https:\/\/opelviladecans.com\/politica-de-privadesa\/"},"modified":"2026-05-04T16:59:42","modified_gmt":"2026-05-04T14:59:42","slug":"politica-de-privadesa","status":"publish","type":"page","link":"https:\/\/opelviladecans.com\/ca\/politica-de-privadesa\/","title":{"rendered":"Pol\u00edtica de privadesa"},"content":{"rendered":"\t\t<div data-elementor-type=\"wp-page\" data-elementor-id=\"2233\" class=\"elementor elementor-2233 elementor-269\" data-elementor-post-type=\"page\">\n\t\t\t\t<div class=\"elementor-element elementor-element-555454b e-con-full elementor-hidden-desktop elementor-hidden-tablet elementor-hidden-mobile e-flex e-con e-parent\" data-id=\"555454b\" data-element_type=\"container\" data-e-type=\"container\">\n\t\t\t\t<div class=\"elementor-element elementor-element-1947026 elementor-widget__width-inherit elementor-widget elementor-widget-image\" data-id=\"1947026\" data-element_type=\"widget\" data-e-type=\"widget\" data-widget_type=\"image.default\">\n\t\t\t\t\t\t\t\t\t\t\t\t\t\t\t<img decoding=\"async\" src=\"https:\/\/opelviladecans.com\/wp-content\/plugins\/elementor\/assets\/images\/placeholder.png\" title=\"\" alt=\"\" loading=\"lazy\" \/>\t\t\t\t\t\t\t\t\t\t\t\t\t\t\t<\/div>\n\t\t\t\t<\/div>\n\t\t<div class=\"elementor-element elementor-element-7e6204c e-grid e-con-full e-con e-parent\" data-id=\"7e6204c\" data-element_type=\"container\" data-e-type=\"container\">\n\t\t<div class=\"elementor-element elementor-element-9e7d63b e-con-full e-flex e-con e-child\" data-id=\"9e7d63b\" data-element_type=\"container\" data-e-type=\"container\" data-settings=\"{&quot;sticky&quot;:&quot;top&quot;,&quot;sticky_on&quot;:[&quot;desktop&quot;],&quot;sticky_offset&quot;:104,&quot;sticky_parent&quot;:&quot;yes&quot;,&quot;sticky_effects_offset&quot;:0,&quot;sticky_anchor_link_offset&quot;:0}\">\n\t\t<div class=\"elementor-element elementor-element-ca49302 e-con-full e-flex e-con e-child\" data-id=\"ca49302\" data-element_type=\"container\" data-e-type=\"container\">\n\t\t\t\t<div class=\"elementor-element elementor-element-b41ab2c elementor-widget elementor-widget-heading\" data-id=\"b41ab2c\" data-element_type=\"widget\" data-e-type=\"widget\" data-widget_type=\"heading.default\">\n\t\t\t\t\t<h1 class=\"elementor-heading-title elementor-size-default\">Pol\u00edtica de privadesa<\/h1>\t\t\t\t<\/div>\n\t\t\t\t<div class=\"elementor-element elementor-element-9084c33 elementor-widget elementor-widget-text-editor\" data-id=\"9084c33\" data-element_type=\"widget\" data-e-type=\"widget\" data-widget_type=\"text-editor.default\">\n\t\t\t\t\t\t\t\t\t<p>Aquesta Pol\u00edtica de Privadesa explica com recollim, utilitzem i protegim la informaci\u00f3 que ens proporciones en utilitzar el nostre lloc web.<\/p>\t\t\t\t\t\t\t\t<\/div>\n\t\t\t\t<\/div>\n\t\t\t\t<div class=\"elementor-element elementor-element-d077205 elementor-widget elementor-widget-button\" data-id=\"d077205\" data-element_type=\"widget\" data-e-type=\"widget\" data-widget_type=\"button.default\">\n\t\t\t\t\t\t\t\t\t\t<a class=\"elementor-button elementor-button-link elementor-size-sm\" href=\"https:\/\/opelviladecans.com\/ca\/contacte\/\">\n\t\t\t\t\t\t<span class=\"elementor-button-content-wrapper\">\n\t\t\t\t\t\t\t\t\t<span class=\"elementor-button-text\">Contacta amb nosaltres<\/span>\n\t\t\t\t\t<\/span>\n\t\t\t\t\t<\/a>\n\t\t\t\t\t\t\t\t<\/div>\n\t\t\t\t<\/div>\n\t\t<div class=\"elementor-element elementor-element-3c7cfe0 e-flex e-con-boxed e-con e-child\" data-id=\"3c7cfe0\" data-element_type=\"container\" data-e-type=\"container\">\n\t\t\t\t\t<div class=\"e-con-inner\">\n\t\t\t\t<div class=\"elementor-element elementor-element-0a0fd0c elementor-widget elementor-widget-text-editor\" data-id=\"0a0fd0c\" data-element_type=\"widget\" data-e-type=\"widget\" data-widget_type=\"text-editor.default\">\n\t\t\t\t\t\t\t\t\t<p>Som una empresa on la transpar\u00e8ncia en la informaci\u00f3 \u00e9s fonamental per establir una relaci\u00f3 de confian\u00e7a amb les persones que formen el nostre projecte i amb els nostres prove\u00efdors i clients, sent la protecci\u00f3 de les dades personals de les persones que confien en nosaltres de vital import\u00e0ncia, per la qual cosa volem mitjan\u00e7ant la present Pol\u00edtica de privadesa informar-te de com recaptem i com tractem o utilitzem aquestes dades.<\/p><p>En aquesta pol\u00edtica de privadesa s&#8217;estableixen les bases sobre les quals l&#8217;empresa tracta les dades de car\u00e0cter personal que volunt\u00e0riament ens faciliten els nostres usuaris a trav\u00e9s de la p\u00e0gina web.<br>Aquesta Pol\u00edtica sempre ser\u00e0 aplicable quan es facilitin dades a l&#8217;empresa, el qual ser\u00e0 responsable de les vostres dades (Responsable del Tractament de les Dades), ia trav\u00e9s de qualsevol dels formularis de contacte o subscripci\u00f3 on es recullin dades de car\u00e0cter personal (nom, email, etc.).<\/p><p><strong>A qu\u00e8 ens comprometem<\/strong><\/p><ul><li>A respectar la privadesa dels nostres usuaris i tractar les dades personals amb el consentiment dels mateixos.<\/li><li>A tractar les dades personals que estrictament necessitem per donar el servei sol\u00b7licitat, i tractar-les de forma segura i confidencial, prenent les mesures necess\u00e0ries per evitar-ne l&#8217;acc\u00e9s no autoritzat i l&#8217;\u00fas indegut.<\/li><li>A no utilitzar les dades personals per a finalitats per a les quals no hem obtingut pr\u00e8viament el consentiment.<\/li><li>A no donar les dades personals a tercers ni compartir-les.<\/li><li>A conservar les dades personals durant el temps estrictament necessari per a la finalitat concreta per a la qual han estat proporcionades.<\/li><\/ul><p><strong>Qui \u00e9s el responsable de les teves dades personals<\/strong><\/p><p><strong>Nom de l&#8217;empresa<\/strong> Talleres Isidoro Ledesma, S.L.<br><strong>NIF<\/strong> B58532110<br><strong>Adre\u00e7a<\/strong> C\/ Agricultura, 36, 08840, Viladecans, Barcelona<\/p><p><strong>Qu\u00e8 \u00e9s una dada personal i el tractament de dades personals<\/strong><\/p><p>Una dada personal \u00e9s tota informaci\u00f3 sobre una persona f\u00edsica identificada o identificable. Es considera persona f\u00edsica identificable tota persona la identitat de la qual es pugui determinar directament o indirectament, en particular mitjan\u00e7ant un identificador, com ara un nom, un n\u00famero d&#8217;identificaci\u00f3, dades de localitzaci\u00f3, un identificador en l\u00ednia o un o diversos elements propis de la identitat f\u00edsica, fisiol\u00f2gica, gen\u00e8tica, ps\u00edquica, econ\u00f2mica, cultural o social de la persona esmentada. <\/p><p>Aix\u00ed mateix, el tractament de dades personals implica qualsevol operaci\u00f3 o conjunt d&#8217;operacions realitzades sobre dades personals o conjunts de dades personals, ja sigui per procediments automatitzats o no, com ara la recollida, registre, organitzaci\u00f3, estructuraci\u00f3, conservaci\u00f3, adaptaci\u00f3 o modificaci\u00f3, extracci\u00f3, consulta, utilitzaci\u00f3, comunicaci\u00f3 per transmissi\u00f3, difusi\u00f3 o qualsevol altra forma d&#8217;habilitaci\u00f3 d&#8217;acc\u00e9s, confrontaci\u00f3 o interconnexi\u00f3, limitaci\u00f3.<\/p><p><strong>Quins tractaments realitzem sobre les vostres dades personals i per a quines finalitats<\/strong><\/p><ul><li>Sol\u00b7licitud d&#8217;informaci\u00f3 per part de l&#8217;usuari<br>Gestionar la sol\u00b7licitud d&#8217;informaci\u00f3 remesa per part de l&#8217;usuari a trav\u00e9s del formulari de contacte i\/o l&#8217;adre\u00e7a de correu electr\u00f2nic, correu postal i n\u00famero de tel\u00e8fon facilitat a trav\u00e9s del lloc web.<\/li><li>Subscripci\u00f3 a newsletter<br>Gestionar la subscripci\u00f3 a l&#8217;enviament de newsletter<\/li><li>Treballar amb nosaltres mitjan\u00e7ant l&#8217;enviament del curr\u00edculum<br>Gesti\u00f3 dels CV rebuts a trav\u00e9s del formulari disponible al lloc web.<\/li><li>Alta i acc\u00e9s al perfil d&#8217;usuari<br>Gesti\u00f3 de l&#8217;alta i de l&#8217;acc\u00e9s al portal d&#8217;usuari mitjan\u00e7ant el compte d&#8217;usuari i la contrasenya corresponent.<\/li><li>Gesti\u00f3 dels comentaris al bloc.<br>Gestionar l&#8217;enviament i recepci\u00f3 dels comentaris que l&#8217;usuari hagi deixat al bloc.<\/li><\/ul><p><strong>Quines dades personals captem<\/strong><\/p><p>A trav\u00e9s de la nostra p\u00e0gina web podem demanar dades personals per a diferents finalitats:<\/p><ul><li>Sol\u00b7licitud d&#8217;informaci\u00f3 per part de l&#8217;usuari<br>Captarem les dades personals que ens hagi facilitat amb motiu de la consulta plantejada.<\/li><li>Subscripci\u00f3 a newsletter<br>Captarem la vostra adre\u00e7a de correu electr\u00f2nic.<\/li><li>Treballa amb nosaltres mitjan\u00e7ant l&#8217;enviament de curr\u00edculum<br>Captarem la informaci\u00f3 continguda al CV que ens hagi facilitat.<\/li><li>Alta i acc\u00e9s al perfil d&#8217;usuari<br>Nom d&#8217;usuari i contrasenya, aix\u00ed com qualsevol altra dada que s&#8217;hagi facilitat per crear el compte o perfil.<\/li><li>Gesti\u00f3 dels comentaris al bloc.<br>Qualsevol dada que s&#8217;hagi facilitat en publicar el comentari corresponent.<\/li><\/ul><p>Depenent de la finalitat per a la qual s&#8217;aporten les dades, seran requerides les dades estrictament necess\u00e0ries. <br>\u00c9s important que l&#8217;usuari sigui conscient de les dades que aporta i la finalitat per a la qual ho fa perqu\u00e8 en el moment que les facilita, est\u00e0 acceptant que recopilem, emmagatzemem i fem servir aquestes dades per a la finalitat requerida, podent en qualsevol moment retirar el consentiment prestat per les vies oportunes sent el consentiment de l&#8217;interessat la base legal i legitimaci\u00f3 per al tractament<\/p><p><strong>Quina \u00e9s la legitimaci\u00f3 per al tractament de les dades personals<\/strong><\/p><p>D&#8217;acord amb la normativa vigent en mat\u00e8ria de protecci\u00f3 de dades, necessitem una base de legitimaci\u00f3 per al tractament de les vostres dades personals. La base de legitimaci\u00f3 n&#8217;\u00e9s el consentiment. <\/p><p><strong>Quins drets t\u00e9 sobre les dades personals aportades<\/strong><\/p><p>Com a usuari, pot exercitar els drets seg\u00fcents:<\/p><ul><li>Dret d&#8217;acc\u00e9s: Teniu dret a obtenir per part de l&#8217;empresa confirmaci\u00f3 de si s&#8217;estan tractant o no les vostres dades personals que, i si escau, quines dades tracta.<\/li><li>Dret de rectificaci\u00f3: T\u00e9 dret a obtenir per part de Talleres Isidoro Ledesma, S.L., la rectificaci\u00f3 de les dades personals inexactes que li concerneixin. A la sol\u00b7licitud de rectificaci\u00f3 haureu d&#8217;indicar les dades que voleu que es modifiquin. <\/li><li>Dret d&#8217;oposici\u00f3: Teniu dret a oposar-vos en qualsevol moment, per motius relacionats amb la vostra situaci\u00f3 particular, que dades personals que us concerneixin siguin objecte d&#8217;un tractament basat en l&#8217;inter\u00e8s leg\u00edtim de l&#8217;empresa. En aquest cas, l&#8217;empresa deixar\u00e0 de tractar les dades personals, tret que acreditem motius leg\u00edtims imperiosos per al tractament que prevalguin sobre els seus interessos, drets i llibertats, o per a la formulaci\u00f3, l&#8217;exercici o la defensa de reclamacions. <\/li><li>Dret de supressi\u00f3: T\u00e9 dret a obtenir per part de Talleres Isidoro Ledesma, S.L., la supressi\u00f3 de les dades personals que li concerneixin.<\/li><li>Dret a la portabilitat de les dades: Teniu dret que l&#8217;empresa transfereixi les vostres dades personals a un altre responsable del tractament. Nom\u00e9s \u00e9s possible exercir aquest dret quan el tractament estigui basat en l&#8217;execuci\u00f3 d&#8217;un contracte o en el seu consentiment i el tractament es faci mitjan\u00e7ant mitjans automatitzats. <\/li><li>Dret a la limitaci\u00f3 del tractament: Teniu dret a sol\u00b7licitar-nos que suspenguem el tractament de les vostres dades quan: impugneu l&#8217;exactitud de les dades, mentre que Talleres Isidoro Ledesma, S.L. verifica aquesta exactitud; hagi exercit el dret d&#8217;oposici\u00f3 al tractament de les dades, mentre que es verifica si els motius leg\u00edtims de Talleres Isidoro Ledesma, S.L. prevalen sobre els seus com a interessat.<\/li><\/ul><p>En qualsevol moment, podreu exercir aquests Drets, mitjan\u00e7ant un escrit i acreditant la vostra personalitat adre\u00e7at al responsable del tractament a l&#8217;adre\u00e7a assenyalada anteriorment, oa trav\u00e9s de l&#8217;adre\u00e7a de correu electr\u00f2nic: gerencia@tallerisidoro.com.<\/p><p>A m\u00e9s, podr\u00e0 presentar una reclamaci\u00f3 davant de l&#8217;autoritat de control, en aquest cas, l&#8217;Ag\u00e8ncia Espanyola de Protecci\u00f3 de Dades, si considera que el tractament de dades personals infringeix la legislaci\u00f3 aplicable.<\/p><p><strong>Seguretat i emmagatzematge de les dades<\/strong><\/p><p>Mantindrem les dades durant el temps estrictament necessari per a la prestaci\u00f3 del servei sol\u00b7licitat i mentre el titular no sol\u00b7licite la seua eliminaci\u00f3, adoptant les mesures adequades de car\u00e0cter t\u00e8cnic i organitzatiu contra el tractament no autoritzat o il\u00b7l\u00edcit i contra la seua p\u00e8rdua, destrucci\u00f3 o dany accidentals, fent tot el possible per protegir-les i mantenir-les de forma segura.<\/p><p><strong>Quines dades personals compartim amb tercers<\/strong><\/p><p>No se prev\u00e9n cesiones de datos salvo en aquellos casos en que exista una obligaci\u00f3n legal o comunicaci\u00f3n necesaria para poder prestarle el servicio solicitado adecuadamente. No hay previsi\u00f3n de transferencias de datos internacionales. <\/p>\t\t\t\t\t\t\t\t<\/div>\n\t\t\t\t\t<\/div>\n\t\t\t\t<\/div>\n\t\t\t\t<\/div>\n\t\t\t\t<\/div>\n\t\t","protected":false},"excerpt":{"rendered":"<p>Aquesta Pol\u00edtica de Privadesa explica com recollim, utilitzem i protegim la informaci\u00f3 que ens proporciones en utilitzar el nostre lloc web. Contacta amb nosaltres Som una empresa on la transpar\u00e8ncia en la informaci\u00f3 \u00e9s fonamental per establir una relaci\u00f3 de confian\u00e7a amb les persones que formen el nostre projecte i amb els nostres prove\u00efdors i [&hellip;]<\/p>\n","protected":false},"author":2,"featured_media":0,"parent":0,"menu_order":0,"comment_status":"closed","ping_status":"closed","template":"","meta":{"_acf_changed":false,"footnotes":""},"class_list":["post-2233","page","type-page","status-publish","hentry"],"acf":[],"yoast_head":"<!-- This site is optimized with the Yoast SEO plugin v27.5 - https:\/\/yoast.com\/product\/yoast-seo-wordpress\/ -->\n<title>Pol\u00edtica de privadesa - Opel Viladecans<\/title>\n<meta name=\"robots\" content=\"noindex, nofollow\" \/>\n<meta property=\"og:locale\" content=\"ca_ES\" \/>\n<meta property=\"og:type\" content=\"article\" \/>\n<meta property=\"og:title\" content=\"Pol\u00edtica de privadesa - Opel Viladecans\" \/>\n<meta property=\"og:description\" content=\"Aquesta Pol\u00edtica de Privadesa explica com recollim, utilitzem i protegim la informaci\u00f3 que ens proporciones en utilitzar el nostre lloc web. Contacta amb nosaltres Som una empresa on la transpar\u00e8ncia en la informaci\u00f3 \u00e9s fonamental per establir una relaci\u00f3 de confian\u00e7a amb les persones que formen el nostre projecte i amb els nostres prove\u00efdors i [&hellip;]\" \/>\n<meta property=\"og:url\" content=\"https:\/\/opelviladecans.com\/ca\/politica-de-privadesa\/\" \/>\n<meta property=\"og:site_name\" content=\"Opel Viladecans\" \/>\n<meta property=\"article:modified_time\" content=\"2026-05-04T14:59:42+00:00\" \/>\n<meta property=\"og:image\" content=\"https:\/\/opelviladecans.com\/wp-content\/plugins\/elementor\/assets\/images\/placeholder.png\" \/>\n<meta name=\"twitter:card\" content=\"summary_large_image\" \/>\n<meta name=\"twitter:label1\" content=\"Temps estimat de lectura\" \/>\n\t<meta name=\"twitter:data1\" content=\"7 minuts\" \/>\n<script type=\"application\/ld+json\" class=\"yoast-schema-graph\">{\"@context\":\"https:\\\/\\\/schema.org\",\"@graph\":[{\"@type\":\"WebPage\",\"@id\":\"https:\\\/\\\/opelviladecans.com\\\/ca\\\/politica-de-privadesa\\\/\",\"url\":\"https:\\\/\\\/opelviladecans.com\\\/ca\\\/politica-de-privadesa\\\/\",\"name\":\"Pol\u00edtica de privadesa - Opel Viladecans\",\"isPartOf\":{\"@id\":\"https:\\\/\\\/opelviladecans.com\\\/ca\\\/#website\"},\"primaryImageOfPage\":{\"@id\":\"https:\\\/\\\/opelviladecans.com\\\/ca\\\/politica-de-privadesa\\\/#primaryimage\"},\"image\":{\"@id\":\"https:\\\/\\\/opelviladecans.com\\\/ca\\\/politica-de-privadesa\\\/#primaryimage\"},\"thumbnailUrl\":\"https:\\\/\\\/opelviladecans.com\\\/wp-content\\\/plugins\\\/elementor\\\/assets\\\/images\\\/placeholder.png\",\"datePublished\":\"2026-04-01T08:36:14+00:00\",\"dateModified\":\"2026-05-04T14:59:42+00:00\",\"breadcrumb\":{\"@id\":\"https:\\\/\\\/opelviladecans.com\\\/ca\\\/politica-de-privadesa\\\/#breadcrumb\"},\"inLanguage\":\"ca\",\"potentialAction\":[{\"@type\":\"ReadAction\",\"target\":[\"https:\\\/\\\/opelviladecans.com\\\/ca\\\/politica-de-privadesa\\\/\"]}]},{\"@type\":\"ImageObject\",\"inLanguage\":\"ca\",\"@id\":\"https:\\\/\\\/opelviladecans.com\\\/ca\\\/politica-de-privadesa\\\/#primaryimage\",\"url\":\"https:\\\/\\\/opelviladecans.com\\\/wp-content\\\/plugins\\\/elementor\\\/assets\\\/images\\\/placeholder.png\",\"contentUrl\":\"https:\\\/\\\/opelviladecans.com\\\/wp-content\\\/plugins\\\/elementor\\\/assets\\\/images\\\/placeholder.png\"},{\"@type\":\"BreadcrumbList\",\"@id\":\"https:\\\/\\\/opelviladecans.com\\\/ca\\\/politica-de-privadesa\\\/#breadcrumb\",\"itemListElement\":[{\"@type\":\"ListItem\",\"position\":1,\"name\":\"Portada\",\"item\":\"https:\\\/\\\/opelviladecans.com\\\/ca\\\/\"},{\"@type\":\"ListItem\",\"position\":2,\"name\":\"Pol\u00edtica de privadesa\"}]},{\"@type\":\"WebSite\",\"@id\":\"https:\\\/\\\/opelviladecans.com\\\/ca\\\/#website\",\"url\":\"https:\\\/\\\/opelviladecans.com\\\/ca\\\/\",\"name\":\"Talleres Isidoro Ledesma - Opel Viladecans\",\"description\":\"\",\"publisher\":{\"@id\":\"https:\\\/\\\/opelviladecans.com\\\/ca\\\/#organization\"},\"potentialAction\":[{\"@type\":\"SearchAction\",\"target\":{\"@type\":\"EntryPoint\",\"urlTemplate\":\"https:\\\/\\\/opelviladecans.com\\\/ca\\\/?s={search_term_string}\"},\"query-input\":{\"@type\":\"PropertyValueSpecification\",\"valueRequired\":true,\"valueName\":\"search_term_string\"}}],\"inLanguage\":\"ca\"},{\"@type\":\"Organization\",\"@id\":\"https:\\\/\\\/opelviladecans.com\\\/ca\\\/#organization\",\"name\":\"Talleres Isidoro Ledesma\",\"url\":\"https:\\\/\\\/opelviladecans.com\\\/ca\\\/\",\"logo\":{\"@type\":\"ImageObject\",\"inLanguage\":\"ca\",\"@id\":\"https:\\\/\\\/opelviladecans.com\\\/ca\\\/#\\\/schema\\\/logo\\\/image\\\/\",\"url\":\"https:\\\/\\\/opelviladecans.com\\\/wp-content\\\/uploads\\\/2026\\\/03\\\/logo-opel-wl.avif\",\"contentUrl\":\"https:\\\/\\\/opelviladecans.com\\\/wp-content\\\/uploads\\\/2026\\\/03\\\/logo-opel-wl.avif\",\"width\":200,\"height\":200,\"caption\":\"Talleres Isidoro Ledesma\"},\"image\":{\"@id\":\"https:\\\/\\\/opelviladecans.com\\\/ca\\\/#\\\/schema\\\/logo\\\/image\\\/\"}}]}<\/script>\n<!-- \/ Yoast SEO plugin. -->","yoast_head_json":{"title":"Pol\u00edtica de privadesa - Opel Viladecans","robots":{"index":"noindex","follow":"nofollow"},"og_locale":"ca_ES","og_type":"article","og_title":"Pol\u00edtica de privadesa - Opel Viladecans","og_description":"Aquesta Pol\u00edtica de Privadesa explica com recollim, utilitzem i protegim la informaci\u00f3 que ens proporciones en utilitzar el nostre lloc web. Contacta amb nosaltres Som una empresa on la transpar\u00e8ncia en la informaci\u00f3 \u00e9s fonamental per establir una relaci\u00f3 de confian\u00e7a amb les persones que formen el nostre projecte i amb els nostres prove\u00efdors i [&hellip;]","og_url":"https:\/\/opelviladecans.com\/ca\/politica-de-privadesa\/","og_site_name":"Opel Viladecans","article_modified_time":"2026-05-04T14:59:42+00:00","og_image":[{"url":"https:\/\/opelviladecans.com\/wp-content\/plugins\/elementor\/assets\/images\/placeholder.png","type":"","width":"","height":""}],"twitter_card":"summary_large_image","twitter_misc":{"Temps estimat de lectura":"7 minuts"},"schema":{"@context":"https:\/\/schema.org","@graph":[{"@type":"WebPage","@id":"https:\/\/opelviladecans.com\/ca\/politica-de-privadesa\/","url":"https:\/\/opelviladecans.com\/ca\/politica-de-privadesa\/","name":"Pol\u00edtica de privadesa - Opel Viladecans","isPartOf":{"@id":"https:\/\/opelviladecans.com\/ca\/#website"},"primaryImageOfPage":{"@id":"https:\/\/opelviladecans.com\/ca\/politica-de-privadesa\/#primaryimage"},"image":{"@id":"https:\/\/opelviladecans.com\/ca\/politica-de-privadesa\/#primaryimage"},"thumbnailUrl":"https:\/\/opelviladecans.com\/wp-content\/plugins\/elementor\/assets\/images\/placeholder.png","datePublished":"2026-04-01T08:36:14+00:00","dateModified":"2026-05-04T14:59:42+00:00","breadcrumb":{"@id":"https:\/\/opelviladecans.com\/ca\/politica-de-privadesa\/#breadcrumb"},"inLanguage":"ca","potentialAction":[{"@type":"ReadAction","target":["https:\/\/opelviladecans.com\/ca\/politica-de-privadesa\/"]}]},{"@type":"ImageObject","inLanguage":"ca","@id":"https:\/\/opelviladecans.com\/ca\/politica-de-privadesa\/#primaryimage","url":"https:\/\/opelviladecans.com\/wp-content\/plugins\/elementor\/assets\/images\/placeholder.png","contentUrl":"https:\/\/opelviladecans.com\/wp-content\/plugins\/elementor\/assets\/images\/placeholder.png"},{"@type":"BreadcrumbList","@id":"https:\/\/opelviladecans.com\/ca\/politica-de-privadesa\/#breadcrumb","itemListElement":[{"@type":"ListItem","position":1,"name":"Portada","item":"https:\/\/opelviladecans.com\/ca\/"},{"@type":"ListItem","position":2,"name":"Pol\u00edtica de privadesa"}]},{"@type":"WebSite","@id":"https:\/\/opelviladecans.com\/ca\/#website","url":"https:\/\/opelviladecans.com\/ca\/","name":"Talleres Isidoro Ledesma - Opel Viladecans","description":"","publisher":{"@id":"https:\/\/opelviladecans.com\/ca\/#organization"},"potentialAction":[{"@type":"SearchAction","target":{"@type":"EntryPoint","urlTemplate":"https:\/\/opelviladecans.com\/ca\/?s={search_term_string}"},"query-input":{"@type":"PropertyValueSpecification","valueRequired":true,"valueName":"search_term_string"}}],"inLanguage":"ca"},{"@type":"Organization","@id":"https:\/\/opelviladecans.com\/ca\/#organization","name":"Talleres Isidoro Ledesma","url":"https:\/\/opelviladecans.com\/ca\/","logo":{"@type":"ImageObject","inLanguage":"ca","@id":"https:\/\/opelviladecans.com\/ca\/#\/schema\/logo\/image\/","url":"https:\/\/opelviladecans.com\/wp-content\/uploads\/2026\/03\/logo-opel-wl.avif","contentUrl":"https:\/\/opelviladecans.com\/wp-content\/uploads\/2026\/03\/logo-opel-wl.avif","width":200,"height":200,"caption":"Talleres Isidoro Ledesma"},"image":{"@id":"https:\/\/opelviladecans.com\/ca\/#\/schema\/logo\/image\/"}}]}},"_links":{"self":[{"href":"https:\/\/opelviladecans.com\/ca\/wp-json\/wp\/v2\/pages\/2233","targetHints":{"allow":["GET"]}}],"collection":[{"href":"https:\/\/opelviladecans.com\/ca\/wp-json\/wp\/v2\/pages"}],"about":[{"href":"https:\/\/opelviladecans.com\/ca\/wp-json\/wp\/v2\/types\/page"}],"author":[{"embeddable":true,"href":"https:\/\/opelviladecans.com\/ca\/wp-json\/wp\/v2\/users\/2"}],"replies":[{"embeddable":true,"href":"https:\/\/opelviladecans.com\/ca\/wp-json\/wp\/v2\/comments?post=2233"}],"version-history":[{"count":4,"href":"https:\/\/opelviladecans.com\/ca\/wp-json\/wp\/v2\/pages\/2233\/revisions"}],"predecessor-version":[{"id":2549,"href":"https:\/\/opelviladecans.com\/ca\/wp-json\/wp\/v2\/pages\/2233\/revisions\/2549"}],"wp:attachment":[{"href":"https:\/\/opelviladecans.com\/ca\/wp-json\/wp\/v2\/media?parent=2233"}],"curies":[{"name":"wp","href":"https:\/\/api.w.org\/{rel}","templated":true}]}}