{"id":2229,"date":"2026-04-01T10:36:00","date_gmt":"2026-04-01T08:36:00","guid":{"rendered":"https:\/\/opelviladecans.com\/avis-legal\/"},"modified":"2026-05-04T16:59:37","modified_gmt":"2026-05-04T14:59:37","slug":"avis-legal","status":"publish","type":"page","link":"https:\/\/opelviladecans.com\/ca\/avis-legal\/","title":{"rendered":"Av\u00eds legal"},"content":{"rendered":"\t\t<div data-elementor-type=\"wp-page\" data-elementor-id=\"2229\" class=\"elementor elementor-2229 elementor-267\" data-elementor-post-type=\"page\">\n\t\t\t\t<div class=\"elementor-element elementor-element-7b0c197 e-con-full elementor-hidden-desktop elementor-hidden-tablet elementor-hidden-mobile e-flex e-con e-parent\" data-id=\"7b0c197\" data-element_type=\"container\" data-e-type=\"container\">\n\t\t\t\t<div class=\"elementor-element elementor-element-7249eb5 elementor-widget__width-inherit elementor-widget elementor-widget-image\" data-id=\"7249eb5\" data-element_type=\"widget\" data-e-type=\"widget\" data-widget_type=\"image.default\">\n\t\t\t\t\t\t\t\t\t\t\t\t\t\t\t<img decoding=\"async\" src=\"https:\/\/opelviladecans.com\/wp-content\/plugins\/elementor\/assets\/images\/placeholder.png\" title=\"\" alt=\"\" loading=\"lazy\" \/>\t\t\t\t\t\t\t\t\t\t\t\t\t\t\t<\/div>\n\t\t\t\t<\/div>\n\t\t<div class=\"elementor-element elementor-element-2782da6 e-grid e-con-full e-con e-parent\" data-id=\"2782da6\" data-element_type=\"container\" data-e-type=\"container\">\n\t\t<div class=\"elementor-element elementor-element-7af1c4e e-con-full e-flex e-con e-child\" data-id=\"7af1c4e\" data-element_type=\"container\" data-e-type=\"container\" data-settings=\"{&quot;sticky&quot;:&quot;top&quot;,&quot;sticky_on&quot;:[&quot;desktop&quot;],&quot;sticky_offset&quot;:104,&quot;sticky_parent&quot;:&quot;yes&quot;,&quot;sticky_effects_offset&quot;:0,&quot;sticky_anchor_link_offset&quot;:0}\">\n\t\t<div class=\"elementor-element elementor-element-5c3b2e0 e-con-full e-flex e-con e-child\" data-id=\"5c3b2e0\" data-element_type=\"container\" data-e-type=\"container\">\n\t\t\t\t<div class=\"elementor-element elementor-element-4920154 elementor-widget elementor-widget-heading\" data-id=\"4920154\" data-element_type=\"widget\" data-e-type=\"widget\" data-widget_type=\"heading.default\">\n\t\t\t\t\t<h1 class=\"elementor-heading-title elementor-size-default\">Av\u00eds legal<\/h1>\t\t\t\t<\/div>\n\t\t\t\t<div class=\"elementor-element elementor-element-0d7aa2b elementor-widget elementor-widget-text-editor\" data-id=\"0d7aa2b\" data-element_type=\"widget\" data-e-type=\"widget\" data-widget_type=\"text-editor.default\">\n\t\t\t\t\t\t\t\t\t<p>Aquest Av\u00eds Legal estableix els termes i condicions sota els quals els usuaris poden accedir i utilitzar el lloc web.<\/p>\t\t\t\t\t\t\t\t<\/div>\n\t\t\t\t<\/div>\n\t\t\t\t<div class=\"elementor-element elementor-element-ddf225e elementor-widget elementor-widget-button\" data-id=\"ddf225e\" data-element_type=\"widget\" data-e-type=\"widget\" data-widget_type=\"button.default\">\n\t\t\t\t\t\t\t\t\t\t<a class=\"elementor-button elementor-button-link elementor-size-sm\" href=\"https:\/\/opelviladecans.com\/ca\/contacte\/\">\n\t\t\t\t\t\t<span class=\"elementor-button-content-wrapper\">\n\t\t\t\t\t\t\t\t\t<span class=\"elementor-button-text\">Contacta amb nosaltres<\/span>\n\t\t\t\t\t<\/span>\n\t\t\t\t\t<\/a>\n\t\t\t\t\t\t\t\t<\/div>\n\t\t\t\t<\/div>\n\t\t<div class=\"elementor-element elementor-element-e712aaf e-flex e-con-boxed e-con e-child\" data-id=\"e712aaf\" data-element_type=\"container\" data-e-type=\"container\">\n\t\t\t\t\t<div class=\"e-con-inner\">\n\t\t\t\t<div class=\"elementor-element elementor-element-e84e673 elementor-widget elementor-widget-text-editor\" data-id=\"e84e673\" data-element_type=\"widget\" data-e-type=\"widget\" data-widget_type=\"text-editor.default\">\n\t\t\t\t\t\t\t\t\t<p>En compliment de la Llei 34\/2002, de 11 de juliol, de Serveis de la Societat de la Informaci\u00f3 i de Comer\u00e7 Electr\u00f2nic (LSSI-CE), l&#8217;empresa us informa que \u00e9s titular del lloc web. D&#8217;acord amb l&#8217;exig\u00e8ncia de l&#8217;article 10 de la Llei esmentada, informa de les dades seg\u00fcents: <\/p><p>El titular d&#8217;aquest lloc web \u00e9s:<\/p><p><strong>Nom de l&#8217;empresa<\/strong> Talleres Isidoro Ledesma, S.L.<br><strong>NIF<\/strong> B58532110.<br><strong>Adre\u00e7a<\/strong> C\/ Agricultura, 36, 08840, Viladecans, Barcelona.<\/p><p><strong>Usuarios<\/strong><\/p><p>L&#8217;acc\u00e9s i\/o \u00fas d&#8217;aquest portal us atribueix la condici\u00f3 d&#8217;USUARI, que accepta, des d&#8217;aquest acc\u00e9s i\/o \u00fas, les Condicions Generals d&#8217;\u00das reflectides aqu\u00ed. Les condicions esmentades s\u00f3n aplicables independentment de les condicions generals de contractaci\u00f3 que, si s&#8217;escau, resultin de compliment obligat. <\/p><p><strong>\u00das del portal<\/strong><\/p><p>La p\u00e0gina web proporciona l&#8217;acc\u00e9s a multitud d&#8217;informacions, serveis, programes o dades (d&#8217;ara endavant, els continguts) a Internet pertanyents a Talleres Isidoro Ledesma, S.L. o als seus llicenciants a qu\u00e8 l&#8217;USUARI pugui tenir acc\u00e9s. L\u00b4USUARI assumeix la responsabilitat de l\u00b4\u00fas del portal. Aquesta responsabilitat s&#8217;est\u00e9n al registre necessari per accedir a determinats serveis o continguts.  <\/p><p>En aquest registre, l&#8217;USUARI ser\u00e0 responsable d&#8217;aportar informaci\u00f3 vera\u00e7 i l\u00edcita. Com a conseq\u00fc\u00e8ncia d&#8217;aquest registre, a l&#8217;USUARI se li pot proporcionar una contrasenya de la qual ser\u00e0 responsable, comprometent-se a fer-ne un \u00fas diligent i confidencial. L&#8217;USUARI es compromet a fer un \u00fas adequat dels continguts i serveis que Talleres Isidoro Ledesma, S.L. ofereix a trav\u00e9s del seu portal i amb car\u00e0cter enunciatiu per\u00f2 no limitatiu, a no emprar-los per a:  <\/p><ul><li>Inc\u00f3rrer en activitats il\u00b7l\u00edcites, il\u00b7legals o contr\u00e0ries a la bona fe ia l&#8217;ordre p\u00fablic<\/li><li>Difundir contenidos o propaganda de car\u00e1cter racista, xen\u00f3fobo, pornogr\u00e1fico-ilegal, de apolog\u00eda del terrorismo o atentatorio contra los derechos humanos<\/li><li>Provocar danys en els sistemes f\u00edsics i l\u00f2gics de Talleres Isidoro Ledesma, S.L., dels seus prove\u00efdors o de terceres persones, introduir o difondre a la xarxa virus inform\u00e0tics o qualssevol altres sistemes f\u00edsics o l\u00f2gics que siguin susceptibles de provocar els danys anteriorment esmentats;<\/li><li>Intentar accedir i, si escau, utilitzar els comptes de correu electr\u00f2nic daltres usuaris i modificar manipular els seus missatges. Talleres Isidoro Ledesma, S.L. es reserva el dret de retirar tots aquells comentaris i aportacions que vulnerin el respecte a la dignitat de la persona, que siguin discriminatoris, xen\u00f2fobs, racistes, pornogr\u00e0fics, que atemptin contra la joventut o la inf\u00e0ncia, l&#8217;ordre o la seguretat p\u00fablica o que, a parer seu, no resultessin adequats per a la seva publicaci\u00f3. En qualsevol cas, Talleres Isidoro Ledesma, S.L. no ser\u00e0 responsable de les opinions abocades pels usuaris a trav\u00e9s dels f\u00f2rums, xats, o altres eines de participaci\u00f3.  <\/li><\/ul><p><strong>Propietat intel\u00b7lectual i industrial<\/strong><\/p><p>Talleres Isidoro Ledesma, S.L. ser\u00e0 titular de tots els drets de propietat intel\u00b7lectual i industrial de la seva p\u00e0gina web, aix\u00ed com dels elements continguts a la mateixa (a t\u00edtol enunciatiu, imatges, so, \u00e0udio, v\u00eddeo, programari o textos; marques o logotips, combinacions de colors, estructura i disseny, selecci\u00f3 de materials usats, programes d&#8217;ordinador necessaris per al seu funcionament, acc\u00e9s i \u00fas, etc.).<\/p><p>Todos los derechos reservados. En virtud de lo dispuesto en los art\u00edculos 8 y 32.1, p\u00e1rrafo segundo, de la Ley de Propiedad Intelectual, quedan expresamente prohibidas la reproducci\u00f3n, la distribuci\u00f3n y la comunicaci\u00f3n p\u00fablica, incluida su modalidad de puesta a disposici\u00f3n, de la totalidad o parte de los contenidos de esta p\u00e1gina web, con fines comerciales, en cualquier soporte y por cualquier medio t\u00e9cnico, sin la autorizaci\u00f3n de Talleres Isidoro Ledesma, S.L. El USUARIO se compromete a respetar los derechos de Propiedad Intelectual e Industrial titularidad de Talleres Isidoro Ledesma, S.L. Podr\u00e1 visualizar los elementos del portal e incluso imprimirlos, copiarlos y almacenarlos en el disco duro de su ordenador o en cualquier otro soporte f\u00edsico siempre y cuando sea, \u00fanica y exclusivamente, para su uso personal y privado. El USUARIO deber\u00e1 abstenerse de suprimir, alterar, eludir o manipular cualquier dispositivo de protecci\u00f3n o sistema de seguridad que estuviera instalado en el las p\u00e1ginas de Talleres Isidoro Ledesma, S.L.  <\/p><p><strong>Exclusi\u00f3 de garanties i responsabilitat<\/strong><\/p><p>Talleres Isidoro Ledesma, S.L. no es fa responsable, en cap cas, dels danys i perjudicis de qualsevol naturalesa que poguessin ocasionar, a t\u00edtol enunciatiu: errors o omissions en els continguts, manca de disponibilitat del portal o la transmissi\u00f3 de virus o programes maliciosos o lesius en els continguts, malgrat haver adoptat totes les mesures tecnol\u00f2giques necess\u00e0ries per evitar-ho.<\/p><p><strong>Modificacions<\/strong><\/p><p>Tallers Isidoro Ledesma, S.L. es reserva el dret d&#8217;efectuar sense previ av\u00eds les modificacions que consideri oportunes al seu portal, podent canviar, suprimir o afegir tant els continguts i serveis que es prestin a trav\u00e9s d&#8217;aquesta com la forma en qu\u00e8 aquests apareguin presentats o localitzats al portal.<\/p><p><strong>Enlla\u00e7os<\/strong><\/p><p>En cas que a la p\u00e0gina web es disposessin enlla\u00e7os o hipervincles feia altres llocs d&#8217;Internet, Talleres Isidoro Ledesma, S.L. no exercir\u00e0 cap tipus de control sobre aquests llocs i continguts. En cap cas Tallers Isidoro Ledesma, S.L. assumir\u00e0 cap responsabilitat pels continguts d&#8217;algun enlla\u00e7 pertanyent a un lloc web ali\u00e8, ni garantir\u00e0 la disponibilitat t\u00e8cnica, qualitat, fiabilitat, exactitud, amplitud, veracitat, validesa i constitucionalitat de qualsevol material o informaci\u00f3 continguda en cap d&#8217;aquests hipervincles o altres llocs d&#8217;Internet. <\/p><p>Igualment, la inclusi\u00f3 d&#8217;aquestes connexions externes no implicar\u00e0 cap mena d&#8217;associaci\u00f3, fusi\u00f3 o participaci\u00f3 amb les entitats connectades.<\/p><p><strong>Dret d&#8217;exclusi\u00f3<\/strong><\/p><p>Talleres Isidoro Ledesma, S.L. es reserva el dret a denegar o retirar l&#8217;acc\u00e9s a portal i\/o als serveis oferts sense necessitat de preav\u00eds, a inst\u00e0ncia pr\u00f2pia o d&#8217;un tercer, a aquells usuaris que incompleixin aquestes Condicions Generals d&#8217;\u00das.<\/p><p><strong>Generalitats<\/strong><\/p><p>Talleres Isidoro Ledesma, S.L. perseguir\u00e0 l&#8217;incompliment de les presents condicions, aix\u00ed com qualsevol utilitzaci\u00f3 indeguda del portal exercint totes les accions civils i penals que li puguin correspondre en dret.<\/p><p><strong>Modificaci\u00f3 de les presents condicions i durada<\/strong><\/p><p>Talleres Isidoro Ledesma, S.L. podr\u00e0 modificar en qualsevol moment les condicions aqu\u00ed determinades, sent degudament publicades com apareixen aqu\u00ed.<\/p><p>La vig\u00e8ncia de les condicions esmentades anir\u00e0 en funci\u00f3 de la seva exposici\u00f3 i estaran vigents fins que siguin modificades per altres degudament publicades.<\/p><p><strong>Legislaci\u00f3 aplicable i jurisdicci\u00f3<\/strong><\/p><p>La relaci\u00f3 entre Talleres Isidoro Ledesma, S.L. i l&#8217;USUARI es regir\u00e0 per la normativa espanyola vigent i qualsevol controv\u00e8rsia se sotmetr\u00e0 als jutjats i tribunals de la ciutat anteriorment indicada.<\/p>\t\t\t\t\t\t\t\t<\/div>\n\t\t\t\t\t<\/div>\n\t\t\t\t<\/div>\n\t\t\t\t<\/div>\n\t\t\t\t<\/div>\n\t\t","protected":false},"excerpt":{"rendered":"<p>Aquest Av\u00eds Legal estableix els termes i condicions sota els quals els usuaris poden accedir i utilitzar el lloc web. Contacta amb nosaltres En compliment de la Llei 34\/2002, de 11 de juliol, de Serveis de la Societat de la Informaci\u00f3 i de Comer\u00e7 Electr\u00f2nic (LSSI-CE), l&#8217;empresa us informa que \u00e9s titular del lloc web. [&hellip;]<\/p>\n","protected":false},"author":2,"featured_media":0,"parent":0,"menu_order":0,"comment_status":"closed","ping_status":"closed","template":"","meta":{"_acf_changed":false,"footnotes":""},"class_list":["post-2229","page","type-page","status-publish","hentry"],"acf":[],"yoast_head":"<!-- This site is optimized with the Yoast SEO plugin v27.5 - https:\/\/yoast.com\/product\/yoast-seo-wordpress\/ -->\n<title>Av\u00eds legal - Opel Viladecans<\/title>\n<meta name=\"robots\" content=\"noindex, nofollow\" \/>\n<meta property=\"og:locale\" content=\"ca_ES\" \/>\n<meta property=\"og:type\" content=\"article\" \/>\n<meta property=\"og:title\" content=\"Av\u00eds legal - Opel Viladecans\" \/>\n<meta property=\"og:description\" content=\"Aquest Av\u00eds Legal estableix els termes i condicions sota els quals els usuaris poden accedir i utilitzar el lloc web. Contacta amb nosaltres En compliment de la Llei 34\/2002, de 11 de juliol, de Serveis de la Societat de la Informaci\u00f3 i de Comer\u00e7 Electr\u00f2nic (LSSI-CE), l&#8217;empresa us informa que \u00e9s titular del lloc web. [&hellip;]\" \/>\n<meta property=\"og:url\" content=\"https:\/\/opelviladecans.com\/ca\/avis-legal\/\" \/>\n<meta property=\"og:site_name\" content=\"Opel Viladecans\" \/>\n<meta property=\"article:modified_time\" content=\"2026-05-04T14:59:37+00:00\" \/>\n<meta property=\"og:image\" content=\"https:\/\/opelviladecans.com\/wp-content\/plugins\/elementor\/assets\/images\/placeholder.png\" \/>\n<meta name=\"twitter:card\" content=\"summary_large_image\" \/>\n<meta name=\"twitter:label1\" content=\"Temps estimat de lectura\" \/>\n\t<meta name=\"twitter:data1\" content=\"6 minuts\" \/>\n<script type=\"application\/ld+json\" class=\"yoast-schema-graph\">{\"@context\":\"https:\\\/\\\/schema.org\",\"@graph\":[{\"@type\":\"WebPage\",\"@id\":\"https:\\\/\\\/opelviladecans.com\\\/ca\\\/avis-legal\\\/\",\"url\":\"https:\\\/\\\/opelviladecans.com\\\/ca\\\/avis-legal\\\/\",\"name\":\"Av\u00eds legal - Opel Viladecans\",\"isPartOf\":{\"@id\":\"https:\\\/\\\/opelviladecans.com\\\/ca\\\/#website\"},\"primaryImageOfPage\":{\"@id\":\"https:\\\/\\\/opelviladecans.com\\\/ca\\\/avis-legal\\\/#primaryimage\"},\"image\":{\"@id\":\"https:\\\/\\\/opelviladecans.com\\\/ca\\\/avis-legal\\\/#primaryimage\"},\"thumbnailUrl\":\"https:\\\/\\\/opelviladecans.com\\\/wp-content\\\/plugins\\\/elementor\\\/assets\\\/images\\\/placeholder.png\",\"datePublished\":\"2026-04-01T08:36:00+00:00\",\"dateModified\":\"2026-05-04T14:59:37+00:00\",\"breadcrumb\":{\"@id\":\"https:\\\/\\\/opelviladecans.com\\\/ca\\\/avis-legal\\\/#breadcrumb\"},\"inLanguage\":\"ca\",\"potentialAction\":[{\"@type\":\"ReadAction\",\"target\":[\"https:\\\/\\\/opelviladecans.com\\\/ca\\\/avis-legal\\\/\"]}]},{\"@type\":\"ImageObject\",\"inLanguage\":\"ca\",\"@id\":\"https:\\\/\\\/opelviladecans.com\\\/ca\\\/avis-legal\\\/#primaryimage\",\"url\":\"https:\\\/\\\/opelviladecans.com\\\/wp-content\\\/plugins\\\/elementor\\\/assets\\\/images\\\/placeholder.png\",\"contentUrl\":\"https:\\\/\\\/opelviladecans.com\\\/wp-content\\\/plugins\\\/elementor\\\/assets\\\/images\\\/placeholder.png\"},{\"@type\":\"BreadcrumbList\",\"@id\":\"https:\\\/\\\/opelviladecans.com\\\/ca\\\/avis-legal\\\/#breadcrumb\",\"itemListElement\":[{\"@type\":\"ListItem\",\"position\":1,\"name\":\"Portada\",\"item\":\"https:\\\/\\\/opelviladecans.com\\\/ca\\\/\"},{\"@type\":\"ListItem\",\"position\":2,\"name\":\"Av\u00eds legal\"}]},{\"@type\":\"WebSite\",\"@id\":\"https:\\\/\\\/opelviladecans.com\\\/ca\\\/#website\",\"url\":\"https:\\\/\\\/opelviladecans.com\\\/ca\\\/\",\"name\":\"Talleres Isidoro Ledesma - Opel Viladecans\",\"description\":\"\",\"publisher\":{\"@id\":\"https:\\\/\\\/opelviladecans.com\\\/ca\\\/#organization\"},\"potentialAction\":[{\"@type\":\"SearchAction\",\"target\":{\"@type\":\"EntryPoint\",\"urlTemplate\":\"https:\\\/\\\/opelviladecans.com\\\/ca\\\/?s={search_term_string}\"},\"query-input\":{\"@type\":\"PropertyValueSpecification\",\"valueRequired\":true,\"valueName\":\"search_term_string\"}}],\"inLanguage\":\"ca\"},{\"@type\":\"Organization\",\"@id\":\"https:\\\/\\\/opelviladecans.com\\\/ca\\\/#organization\",\"name\":\"Talleres Isidoro Ledesma\",\"url\":\"https:\\\/\\\/opelviladecans.com\\\/ca\\\/\",\"logo\":{\"@type\":\"ImageObject\",\"inLanguage\":\"ca\",\"@id\":\"https:\\\/\\\/opelviladecans.com\\\/ca\\\/#\\\/schema\\\/logo\\\/image\\\/\",\"url\":\"https:\\\/\\\/opelviladecans.com\\\/wp-content\\\/uploads\\\/2026\\\/03\\\/logo-opel-wl.avif\",\"contentUrl\":\"https:\\\/\\\/opelviladecans.com\\\/wp-content\\\/uploads\\\/2026\\\/03\\\/logo-opel-wl.avif\",\"width\":200,\"height\":200,\"caption\":\"Talleres Isidoro Ledesma\"},\"image\":{\"@id\":\"https:\\\/\\\/opelviladecans.com\\\/ca\\\/#\\\/schema\\\/logo\\\/image\\\/\"}}]}<\/script>\n<!-- \/ Yoast SEO plugin. -->","yoast_head_json":{"title":"Av\u00eds legal - Opel Viladecans","robots":{"index":"noindex","follow":"nofollow"},"og_locale":"ca_ES","og_type":"article","og_title":"Av\u00eds legal - Opel Viladecans","og_description":"Aquest Av\u00eds Legal estableix els termes i condicions sota els quals els usuaris poden accedir i utilitzar el lloc web. Contacta amb nosaltres En compliment de la Llei 34\/2002, de 11 de juliol, de Serveis de la Societat de la Informaci\u00f3 i de Comer\u00e7 Electr\u00f2nic (LSSI-CE), l&#8217;empresa us informa que \u00e9s titular del lloc web. [&hellip;]","og_url":"https:\/\/opelviladecans.com\/ca\/avis-legal\/","og_site_name":"Opel Viladecans","article_modified_time":"2026-05-04T14:59:37+00:00","og_image":[{"url":"https:\/\/opelviladecans.com\/wp-content\/plugins\/elementor\/assets\/images\/placeholder.png","type":"","width":"","height":""}],"twitter_card":"summary_large_image","twitter_misc":{"Temps estimat de lectura":"6 minuts"},"schema":{"@context":"https:\/\/schema.org","@graph":[{"@type":"WebPage","@id":"https:\/\/opelviladecans.com\/ca\/avis-legal\/","url":"https:\/\/opelviladecans.com\/ca\/avis-legal\/","name":"Av\u00eds legal - Opel Viladecans","isPartOf":{"@id":"https:\/\/opelviladecans.com\/ca\/#website"},"primaryImageOfPage":{"@id":"https:\/\/opelviladecans.com\/ca\/avis-legal\/#primaryimage"},"image":{"@id":"https:\/\/opelviladecans.com\/ca\/avis-legal\/#primaryimage"},"thumbnailUrl":"https:\/\/opelviladecans.com\/wp-content\/plugins\/elementor\/assets\/images\/placeholder.png","datePublished":"2026-04-01T08:36:00+00:00","dateModified":"2026-05-04T14:59:37+00:00","breadcrumb":{"@id":"https:\/\/opelviladecans.com\/ca\/avis-legal\/#breadcrumb"},"inLanguage":"ca","potentialAction":[{"@type":"ReadAction","target":["https:\/\/opelviladecans.com\/ca\/avis-legal\/"]}]},{"@type":"ImageObject","inLanguage":"ca","@id":"https:\/\/opelviladecans.com\/ca\/avis-legal\/#primaryimage","url":"https:\/\/opelviladecans.com\/wp-content\/plugins\/elementor\/assets\/images\/placeholder.png","contentUrl":"https:\/\/opelviladecans.com\/wp-content\/plugins\/elementor\/assets\/images\/placeholder.png"},{"@type":"BreadcrumbList","@id":"https:\/\/opelviladecans.com\/ca\/avis-legal\/#breadcrumb","itemListElement":[{"@type":"ListItem","position":1,"name":"Portada","item":"https:\/\/opelviladecans.com\/ca\/"},{"@type":"ListItem","position":2,"name":"Av\u00eds legal"}]},{"@type":"WebSite","@id":"https:\/\/opelviladecans.com\/ca\/#website","url":"https:\/\/opelviladecans.com\/ca\/","name":"Talleres Isidoro Ledesma - Opel Viladecans","description":"","publisher":{"@id":"https:\/\/opelviladecans.com\/ca\/#organization"},"potentialAction":[{"@type":"SearchAction","target":{"@type":"EntryPoint","urlTemplate":"https:\/\/opelviladecans.com\/ca\/?s={search_term_string}"},"query-input":{"@type":"PropertyValueSpecification","valueRequired":true,"valueName":"search_term_string"}}],"inLanguage":"ca"},{"@type":"Organization","@id":"https:\/\/opelviladecans.com\/ca\/#organization","name":"Talleres Isidoro Ledesma","url":"https:\/\/opelviladecans.com\/ca\/","logo":{"@type":"ImageObject","inLanguage":"ca","@id":"https:\/\/opelviladecans.com\/ca\/#\/schema\/logo\/image\/","url":"https:\/\/opelviladecans.com\/wp-content\/uploads\/2026\/03\/logo-opel-wl.avif","contentUrl":"https:\/\/opelviladecans.com\/wp-content\/uploads\/2026\/03\/logo-opel-wl.avif","width":200,"height":200,"caption":"Talleres Isidoro Ledesma"},"image":{"@id":"https:\/\/opelviladecans.com\/ca\/#\/schema\/logo\/image\/"}}]}},"_links":{"self":[{"href":"https:\/\/opelviladecans.com\/ca\/wp-json\/wp\/v2\/pages\/2229","targetHints":{"allow":["GET"]}}],"collection":[{"href":"https:\/\/opelviladecans.com\/ca\/wp-json\/wp\/v2\/pages"}],"about":[{"href":"https:\/\/opelviladecans.com\/ca\/wp-json\/wp\/v2\/types\/page"}],"author":[{"embeddable":true,"href":"https:\/\/opelviladecans.com\/ca\/wp-json\/wp\/v2\/users\/2"}],"replies":[{"embeddable":true,"href":"https:\/\/opelviladecans.com\/ca\/wp-json\/wp\/v2\/comments?post=2229"}],"version-history":[{"count":6,"href":"https:\/\/opelviladecans.com\/ca\/wp-json\/wp\/v2\/pages\/2229\/revisions"}],"predecessor-version":[{"id":2546,"href":"https:\/\/opelviladecans.com\/ca\/wp-json\/wp\/v2\/pages\/2229\/revisions\/2546"}],"wp:attachment":[{"href":"https:\/\/opelviladecans.com\/ca\/wp-json\/wp\/v2\/media?parent=2229"}],"curies":[{"name":"wp","href":"https:\/\/api.w.org\/{rel}","templated":true}]}}