{"id":2220,"date":"2026-03-25T09:50:19","date_gmt":"2026-03-25T08:50:19","guid":{"rendered":"https:\/\/opelviladecans.com\/contacte\/"},"modified":"2026-05-04T11:29:29","modified_gmt":"2026-05-04T09:29:29","slug":"contacte","status":"publish","type":"page","link":"https:\/\/opelviladecans.com\/ca\/contacte\/","title":{"rendered":"Contacte"},"content":{"rendered":"\t\t<div data-elementor-type=\"wp-page\" data-elementor-id=\"2220\" class=\"elementor elementor-2220 elementor-107\" data-elementor-post-type=\"page\">\n\t\t\t\t<div class=\"elementor-element elementor-element-206c188 e-grid e-con-full e-con e-parent\" data-id=\"206c188\" data-element_type=\"container\" data-e-type=\"container\">\n\t\t<div class=\"elementor-element elementor-element-648ecf3 e-flex e-con-boxed e-con e-child\" data-id=\"648ecf3\" data-element_type=\"container\" data-e-type=\"container\">\n\t\t\t\t\t<div class=\"e-con-inner\">\n\t\t<div class=\"elementor-element elementor-element-cfe384a e-con-full e-flex e-con e-child\" data-id=\"cfe384a\" data-element_type=\"container\" data-e-type=\"container\">\n\t\t\t\t<div class=\"elementor-element elementor-element-dc48fbc elementor-widget elementor-widget-heading\" data-id=\"dc48fbc\" data-element_type=\"widget\" data-e-type=\"widget\" data-widget_type=\"heading.default\">\n\t\t\t\t\t<h2 class=\"elementor-heading-title elementor-size-default\">Posa't en contacte<\/h2>\t\t\t\t<\/div>\n\t\t<div class=\"elementor-element elementor-element-7b74e71 e-con-full e-flex e-con e-child\" data-id=\"7b74e71\" data-element_type=\"container\" data-e-type=\"container\">\n\t\t\t\t<div class=\"elementor-element elementor-element-8037527 elementor-widget elementor-widget-heading\" data-id=\"8037527\" data-element_type=\"widget\" data-e-type=\"widget\" data-widget_type=\"heading.default\">\n\t\t\t\t\t<h3 class=\"elementor-heading-title elementor-size-default\">Nuestro concesionario<\/h3>\t\t\t\t<\/div>\n\t\t\t\t<div class=\"elementor-element elementor-element-ad7c977 elementor-icon-list--layout-inline elementor-list-item-link-full_width elementor-widget elementor-widget-icon-list\" data-id=\"ad7c977\" data-element_type=\"widget\" data-e-type=\"widget\" data-widget_type=\"icon-list.default\">\n\t\t\t\t\t\t\t<ul class=\"elementor-icon-list-items elementor-inline-items\">\n\t\t\t\t\t\t\t<li class=\"elementor-icon-list-item elementor-inline-item\">\n\t\t\t\t\t\t\t\t\t\t\t<a href=\"https:\/\/maps.app.goo.gl\/msjKdQGjKKUDBxrH9\">\n\n\t\t\t\t\t\t\t\t\t\t\t\t<span class=\"elementor-icon-list-icon\">\n\t\t\t\t\t\t\t<svg xmlns=\"http:\/\/www.w3.org\/2000\/svg\" width=\"26\" height=\"26\" viewBox=\"0 0 26 26\" fill=\"none\"><rect width=\"26\" height=\"26\" rx=\"13\" fill=\"#F7FF14\"><\/rect><path d=\"M8.50234 11.3946C8.50234 8.9666 10.5174 7 13.0012 7C15.4849 7 17.5 8.9666 17.5 11.3946C17.5 14.1744 14.6835 17.5064 13.5073 18.7763C13.2308 19.0746 12.7692 19.0746 12.4927 18.7763C11.3165 17.5064 8.5 14.1744 8.5 11.3946H8.50234ZM13.0012 12.965C13.8283 12.965 14.5008 12.2963 14.5008 11.4738C14.5008 10.6513 13.8283 9.98252 13.0012 9.98252C12.174 9.98252 11.5016 10.6513 11.5016 11.4738C11.5016 12.2963 12.174 12.965 13.0012 12.965Z\" fill=\"black\"><\/path><\/svg>\t\t\t\t\t\t<\/span>\n\t\t\t\t\t\t\t\t\t\t<span class=\"elementor-icon-list-text\">C\/ Agricultura, 36\u2028<br>08840 Viladecans (Barcelona)<\/span>\n\t\t\t\t\t\t\t\t\t\t\t<\/a>\n\t\t\t\t\t\t\t\t\t<\/li>\n\t\t\t\t\t\t\t\t<li class=\"elementor-icon-list-item elementor-inline-item\">\n\t\t\t\t\t\t\t\t\t\t\t<a href=\"tel:936591912\">\n\n\t\t\t\t\t\t\t\t\t\t\t\t<span class=\"elementor-icon-list-icon\">\n\t\t\t\t\t\t\t<svg xmlns=\"http:\/\/www.w3.org\/2000\/svg\" width=\"26\" height=\"26\" viewBox=\"0 0 26 26\" fill=\"none\"><rect width=\"26\" height=\"26\" rx=\"13\" fill=\"#F7FF14\"><\/rect><path d=\"M10.7531 7.58627C10.5679 7.14326 10.0851 6.90887 9.62568 7.0331L9.49677 7.06826C7.98262 7.48079 6.6888 8.94808 7.06617 10.7341C7.93575 14.836 11.1633 18.0636 15.2651 18.9332C17.0534 19.3129 18.5184 18.0167 18.9309 16.5025L18.966 16.3736C19.0926 15.9119 18.8559 15.429 18.4152 15.2462L16.1346 14.2969C15.7479 14.1352 15.3002 14.2477 15.033 14.5735L14.1283 15.6798C12.4805 14.8618 11.1539 13.4929 10.3921 11.8124L11.4281 10.9685C11.7539 10.7037 11.8641 10.256 11.7047 9.8669L10.7531 7.58627Z\" fill=\"black\"><\/path><\/svg>\t\t\t\t\t\t<\/span>\n\t\t\t\t\t\t\t\t\t\t<span class=\"elementor-icon-list-text\">93 659 19 12<\/span>\n\t\t\t\t\t\t\t\t\t\t\t<\/a>\n\t\t\t\t\t\t\t\t\t<\/li>\n\t\t\t\t\t\t\t\t<li class=\"elementor-icon-list-item elementor-inline-item\">\n\t\t\t\t\t\t\t\t\t\t\t<a href=\"mailto:administracion@tallerisidoro.com\">\n\n\t\t\t\t\t\t\t\t\t\t\t\t<span class=\"elementor-icon-list-icon\">\n\t\t\t\t\t\t\t<svg xmlns=\"http:\/\/www.w3.org\/2000\/svg\" width=\"26\" height=\"26\" viewBox=\"0 0 26 26\" fill=\"none\"><rect width=\"26\" height=\"26\" rx=\"13\" fill=\"#F7FF14\"><\/rect><path d=\"M8.125 8.5C7.50391 8.5 7 9.00391 7 9.625C7 9.97891 7.16641 10.3117 7.45 10.525L12.325 14.1812C12.5197 14.3273 12.7566 14.4062 13 14.4062C13.2434 14.4062 13.4803 14.3273 13.675 14.1812L18.55 10.525C18.8336 10.3117 19 9.97891 19 9.625C19 9.00391 18.4961 8.5 17.875 8.5H8.125ZM7 11.5938V16C7 16.8273 7.67266 17.5 8.5 17.5H17.5C18.3273 17.5 19 16.8273 19 16V11.5938L14.35 15.0812C13.5508 15.6812 12.4492 15.6812 11.65 15.0812L7 11.5938Z\" fill=\"black\"><\/path><\/svg>\t\t\t\t\t\t<\/span>\n\t\t\t\t\t\t\t\t\t\t<span class=\"elementor-icon-list-text\">administracion@tallerisidoro.com<\/span>\n\t\t\t\t\t\t\t\t\t\t\t<\/a>\n\t\t\t\t\t\t\t\t\t<\/li>\n\t\t\t\t\t\t<\/ul>\n\t\t\t\t\t\t<\/div>\n\t\t\t\t<\/div>\n\t\t<div class=\"elementor-element elementor-element-3011fcd e-con-full e-grid e-con e-child\" data-id=\"3011fcd\" data-element_type=\"container\" data-e-type=\"container\">\n\t\t<div class=\"elementor-element elementor-element-0e82f14 e-con-full e-flex e-con e-child\" data-id=\"0e82f14\" data-element_type=\"container\" data-e-type=\"container\">\n\t\t\t\t<div class=\"elementor-element elementor-element-85fa5f8 elementor-widget elementor-widget-heading\" data-id=\"85fa5f8\" data-element_type=\"widget\" data-e-type=\"widget\" data-widget_type=\"heading.default\">\n\t\t\t\t\t<h2 class=\"elementor-heading-title elementor-size-default\">Horari comercial<\/h2>\t\t\t\t<\/div>\n\t\t<div class=\"elementor-element elementor-element-f9bed22 e-con-full e-flex e-con e-child\" data-id=\"f9bed22\" data-element_type=\"container\" data-e-type=\"container\">\n\t\t\t\t<div class=\"elementor-element elementor-element-c7d04fb elementor-widget elementor-widget-text-editor\" data-id=\"c7d04fb\" data-element_type=\"widget\" data-e-type=\"widget\" data-widget_type=\"text-editor.default\">\n\t\t\t\t\t\t\t\t\t<p>Dilluns a divendres: 10.00 a 13.00 h \/ 16.00 a 20.00 h.<\/p>\t\t\t\t\t\t\t\t<\/div>\n\t\t\t\t<div class=\"elementor-element elementor-element-8aa59b7 elementor-widget elementor-widget-text-editor\" data-id=\"8aa59b7\" data-element_type=\"widget\" data-e-type=\"widget\" data-widget_type=\"text-editor.default\">\n\t\t\t\t\t\t\t\t\t<p>Dissabtes: 10.00 a 13.00 h.<\/p>\t\t\t\t\t\t\t\t<\/div>\n\t\t\t\t<div class=\"elementor-element elementor-element-74a106f elementor-widget elementor-widget-text-editor\" data-id=\"74a106f\" data-element_type=\"widget\" data-e-type=\"widget\" data-widget_type=\"text-editor.default\">\n\t\t\t\t\t\t\t\t\t<p>Diumenges: Tancat.<\/p>\t\t\t\t\t\t\t\t<\/div>\n\t\t\t\t<\/div>\n\t\t\t\t<\/div>\n\t\t<div class=\"elementor-element elementor-element-d8bc12b e-con-full e-flex e-con e-child\" data-id=\"d8bc12b\" data-element_type=\"container\" data-e-type=\"container\">\n\t\t\t\t<div class=\"elementor-element elementor-element-1820192 elementor-widget elementor-widget-heading\" data-id=\"1820192\" data-element_type=\"widget\" data-e-type=\"widget\" data-widget_type=\"heading.default\">\n\t\t\t\t\t<h2 class=\"elementor-heading-title elementor-size-default\">Horari taller<\/h2>\t\t\t\t<\/div>\n\t\t<div class=\"elementor-element elementor-element-f98eaba e-con-full e-flex e-con e-child\" data-id=\"f98eaba\" data-element_type=\"container\" data-e-type=\"container\">\n\t\t\t\t<div class=\"elementor-element elementor-element-efd8c4b elementor-widget elementor-widget-text-editor\" data-id=\"efd8c4b\" data-element_type=\"widget\" data-e-type=\"widget\" data-widget_type=\"text-editor.default\">\n\t\t\t\t\t\t\t\t\t<p>Dilluns a divendres: 8.15 a 13.30 h \/ 15.30 a 19.00 h.<\/p>\t\t\t\t\t\t\t\t<\/div>\n\t\t\t\t<div class=\"elementor-element elementor-element-e7c6b5d elementor-widget elementor-widget-text-editor\" data-id=\"e7c6b5d\" data-element_type=\"widget\" data-e-type=\"widget\" data-widget_type=\"text-editor.default\">\n\t\t\t\t\t\t\t\t\t<p>Dissabtes i diumenges: Tancat.<\/p>\t\t\t\t\t\t\t\t<\/div>\n\t\t\t\t<\/div>\n\t\t\t\t<\/div>\n\t\t\t\t<\/div>\n\t\t\t\t<\/div>\n\t\t\t\t<div class=\"elementor-element elementor-element-d057da4 elementor-widget elementor-widget-google_maps\" data-id=\"d057da4\" data-element_type=\"widget\" data-e-type=\"widget\" data-widget_type=\"google_maps.default\">\n\t\t\t\t\t\t\t<div class=\"elementor-custom-embed\">\n\t\t\t<iframe loading=\"lazy\"\n\t\t\t\t\tsrc=\"https:\/\/maps.google.com\/maps?q=TALLERES%20ISIDORO%20LEDESMA&#038;t=m&#038;z=16&#038;output=embed&#038;iwloc=near\"\n\t\t\t\t\ttitle=\"TALLERES ISIDORO LEDESMA\"\n\t\t\t\t\taria-label=\"TALLERES ISIDORO LEDESMA\"\n\t\t\t><\/iframe>\n\t\t<\/div>\n\t\t\t\t\t\t<\/div>\n\t\t\t\t\t<\/div>\n\t\t\t\t<\/div>\n\t\t\t\t<div data-dce-advanced-background-color=\"#F5F5F5\" class=\"elementor-element elementor-element-0e6ee09 elementor-widget-mobile__width-inherit elementor-button-align-stretch elementor-widget elementor-widget-form\" data-id=\"0e6ee09\" data-element_type=\"widget\" data-e-type=\"widget\" data-settings=\"{&quot;step_next_label&quot;:&quot;Seg\\u00fcent&quot;,&quot;step_previous_label&quot;:&quot;Anterior&quot;,&quot;step_type&quot;:&quot;number_text&quot;,&quot;step_icon_shape&quot;:&quot;circle&quot;}\" data-widget_type=\"form.default\">\n\t\t\t\t\t\t\t<form class=\"elementor-form\" method=\"post\" name=\"Contacte General\" aria-label=\"Contacte General\">\n\t\t\t<input type=\"hidden\" name=\"post_id\" value=\"2220\"\/>\n\t\t\t<input type=\"hidden\" name=\"form_id\" value=\"0e6ee09\"\/>\n\t\t\t<input type=\"hidden\" name=\"referer_title\" value=\"Contacte - Opel Viladecans\" \/>\n\n\t\t\t\t\t\t\t<input type=\"hidden\" name=\"queried_id\" value=\"2220\"\/>\n\t\t\t\n\t\t\t<div class=\"elementor-form-fields-wrapper elementor-labels-above\">\n\t\t\t\t\t\t\t\t<div class=\"elementor-field-type-text elementor-field-group elementor-column elementor-field-group-name elementor-col-100 elementor-field-required\">\n\t\t\t\t\t\t\t\t\t\t\t\t<label for=\"form-field-name\" class=\"elementor-field-label\">\n\t\t\t\t\t\t\t\tNom\t\t\t\t\t\t\t<\/label>\n\t\t\t\t\t\t\t\t\t\t\t\t\t\t<input size=\"1\" type=\"text\" name=\"form_fields[name]\" id=\"form-field-name\" class=\"elementor-field elementor-size-sm  elementor-field-textual\" placeholder=\"El teu nom i cognom\" required=\"required\">\n\t\t\t\t\t\t\t\t\t\t\t<\/div>\n\t\t\t\t\t\t\t\t<div class=\"elementor-field-type-email elementor-field-group elementor-column elementor-field-group-email elementor-col-100 elementor-field-required\">\n\t\t\t\t\t\t\t\t\t\t\t\t<label for=\"form-field-email\" class=\"elementor-field-label\">\n\t\t\t\t\t\t\t\tCorreu electr\u00f2nic\t\t\t\t\t\t\t<\/label>\n\t\t\t\t\t\t\t\t\t\t\t\t\t\t<input size=\"1\" type=\"email\" name=\"form_fields[email]\" id=\"form-field-email\" class=\"elementor-field elementor-size-sm  elementor-field-textual\" placeholder=\"La teva adre\u00e7a de correu electr\u00f2nic\" required=\"required\">\n\t\t\t\t\t\t\t\t\t\t\t<\/div>\n\t\t\t\t\t\t\t\t<div class=\"elementor-field-type-tel elementor-field-group elementor-column elementor-field-group-message elementor-col-100 elementor-field-required\">\n\t\t\t\t\t\t\t\t\t\t\t\t<label for=\"form-field-message\" class=\"elementor-field-label\">\n\t\t\t\t\t\t\t\tTel\u00e8fon de contacte\t\t\t\t\t\t\t<\/label>\n\t\t\t\t\t\t\t\t<input size=\"1\" type=\"tel\" name=\"form_fields[message]\" id=\"form-field-message\" class=\"elementor-field elementor-size-sm  elementor-field-textual\" placeholder=\"El teu n\u00famero de tel\u00e8fon\" required=\"required\" pattern=\"[0-9()#&amp;+*-=.]+\" title=\"Only numbers and phone characters (#, -, *, etc) are accepted.\">\n\n\t\t\t\t\t\t<\/div>\n\t\t\t\t\t\t\t\t<div class=\"elementor-field-type-text elementor-field-group elementor-column elementor-field-group-field_e26398f elementor-col-100 elementor-field-required\">\n\t\t\t\t\t\t\t\t\t\t\t\t<label for=\"form-field-field_e26398f\" class=\"elementor-field-label\">\n\t\t\t\t\t\t\t\tAssumpte\t\t\t\t\t\t\t<\/label>\n\t\t\t\t\t\t\t\t\t\t\t\t\t\t<input size=\"1\" type=\"text\" name=\"form_fields[field_e26398f]\" id=\"form-field-field_e26398f\" class=\"elementor-field elementor-size-sm  elementor-field-textual\" placeholder=\"Descriu l&#039;assumpte\" required=\"required\">\n\t\t\t\t\t\t\t\t\t\t\t<\/div>\n\t\t\t\t\t\t\t\t<div class=\"elementor-field-type-textarea elementor-field-group elementor-column elementor-field-group-field_247d9a6 elementor-col-100 elementor-field-required\">\n\t\t\t\t\t\t\t\t\t\t\t\t<label for=\"form-field-field_247d9a6\" class=\"elementor-field-label\">\n\t\t\t\t\t\t\t\tMissatge\t\t\t\t\t\t\t<\/label>\n\t\t\t\t\t\t<textarea class=\"elementor-field-textual elementor-field  elementor-size-sm\" name=\"form_fields[field_247d9a6]\" id=\"form-field-field_247d9a6\" rows=\"6\" placeholder=\"En qu\u00e8 et podem ajudar\" required=\"required\"><\/textarea>\t\t\t\t<\/div>\n\t\t\t\t\t\t\t\t<div class=\"elementor-field-type-acceptance elementor-field-group elementor-column elementor-field-group-field_e03847b elementor-col-100 elementor-field-required\">\n\t\t\t\t\t\t\t<div class=\"elementor-field-subgroup\">\n\t\t\t<span class=\"elementor-field-option\">\n\t\t\t\t<input type=\"checkbox\" name=\"form_fields[field_e03847b]\" id=\"form-field-field_e03847b\" class=\"elementor-field elementor-size-sm  elementor-acceptance-field\" required=\"required\">\n\t\t\t\t<label for=\"form-field-field_e03847b\">He llegit i accepto la <a href=\"https:\/\/opelviladecans.com\/politica-de-privacidad\/\" target=\"_blank\">pol\u00edtica de privadesa<\/a>.<\/label>\t\t\t<\/span>\n\t\t<\/div>\n\t\t\t\t\t\t<\/div>\n\t\t\t\t\t\t\t\t<div class=\"elementor-field-type-recaptcha_v3 elementor-field-group elementor-column elementor-field-group-field_a16df7b elementor-col-100 recaptcha_v3-bottomright\">\n\t\t\t\t\t<div class=\"elementor-field\" id=\"form-field-field_a16df7b\"><div class=\"elementor-g-recaptcha\" data-sitekey=\"6LfLLM0sAAAAANwkmJZZony4uRAK27Azj3o1yuGx\" data-type=\"v3\" data-action=\"Form\" data-badge=\"bottomright\" data-size=\"invisible\"><\/div><\/div>\t\t\t\t<\/div>\n\t\t\t\t\t\t\t\t<div class=\"elementor-field-group elementor-column elementor-field-type-submit elementor-col-100 e-form__buttons\">\n\t\t\t\t\t<button class=\"elementor-button elementor-size-md\" type=\"submit\">\n\t\t\t\t\t\t<span class=\"elementor-button-content-wrapper\">\n\t\t\t\t\t\t\t\t\t\t\t\t\t\t\t\t\t\t\t\t\t\t<span class=\"elementor-button-text\">Enviar consulta<\/span>\n\t\t\t\t\t\t\t\t\t\t\t\t\t<\/span>\n\t\t\t\t\t<\/button>\n\t\t\t\t<\/div>\n\t\t\t<\/div>\n\t\t<\/form>\n\t\t\t\t\t\t<\/div>\n\t\t\t\t<\/div>\n\t\t\t\t<\/div>\n\t\t","protected":false},"excerpt":{"rendered":"<p>Posa&#8217;t en contacte Nuestro concesionario C\/ Agricultura, 36\u202808840 Viladecans (Barcelona) 93 659 19 12 administracion@tallerisidoro.com Horari comercial Dilluns a divendres: 10.00 a 13.00 h \/ 16.00 a 20.00 h. Dissabtes: 10.00 a 13.00 h. Diumenges: Tancat. Horari taller Dilluns a divendres: 8.15 a 13.30 h \/ 15.30 a 19.00 h. Dissabtes i diumenges: Tancat.<\/p>\n","protected":false},"author":2,"featured_media":0,"parent":0,"menu_order":0,"comment_status":"closed","ping_status":"closed","template":"elementor_header_footer","meta":{"_acf_changed":false,"footnotes":""},"class_list":["post-2220","page","type-page","status-publish","hentry"],"acf":[],"yoast_head":"<!-- This site is optimized with the Yoast SEO plugin v27.5 - https:\/\/yoast.com\/product\/yoast-seo-wordpress\/ -->\n<title>Contacte - Opel Viladecans<\/title>\n<meta name=\"description\" content=\"Contacta con Opel Viladecans para recibir informaci\u00f3n sobre veh\u00edculos, servicios y atenci\u00f3n personalizada. Te responderemos lo antes posible.\" \/>\n<meta name=\"robots\" content=\"index, follow, max-snippet:-1, max-image-preview:large, max-video-preview:-1\" \/>\n<link rel=\"canonical\" href=\"https:\/\/opelviladecans.com\/ca\/contacte\/\" \/>\n<meta property=\"og:locale\" content=\"ca_ES\" \/>\n<meta property=\"og:type\" content=\"article\" \/>\n<meta property=\"og:title\" content=\"Contacte - Opel Viladecans\" \/>\n<meta property=\"og:description\" content=\"Contacta con Opel Viladecans para recibir informaci\u00f3n sobre veh\u00edculos, servicios y atenci\u00f3n personalizada. Te responderemos lo antes posible.\" \/>\n<meta property=\"og:url\" content=\"https:\/\/opelviladecans.com\/ca\/contacte\/\" \/>\n<meta property=\"og:site_name\" content=\"Opel Viladecans\" \/>\n<meta property=\"article:modified_time\" content=\"2026-05-04T09:29:29+00:00\" \/>\n<meta name=\"twitter:card\" content=\"summary_large_image\" \/>\n<script type=\"application\/ld+json\" class=\"yoast-schema-graph\">{\"@context\":\"https:\\\/\\\/schema.org\",\"@graph\":[{\"@type\":\"WebPage\",\"@id\":\"https:\\\/\\\/opelviladecans.com\\\/ca\\\/contacte\\\/\",\"url\":\"https:\\\/\\\/opelviladecans.com\\\/ca\\\/contacte\\\/\",\"name\":\"Contacte - Opel Viladecans\",\"isPartOf\":{\"@id\":\"https:\\\/\\\/opelviladecans.com\\\/ca\\\/#website\"},\"datePublished\":\"2026-03-25T08:50:19+00:00\",\"dateModified\":\"2026-05-04T09:29:29+00:00\",\"description\":\"Contacta con Opel Viladecans para recibir informaci\u00f3n sobre veh\u00edculos, servicios y atenci\u00f3n personalizada. Te responderemos lo antes posible.\",\"breadcrumb\":{\"@id\":\"https:\\\/\\\/opelviladecans.com\\\/ca\\\/contacte\\\/#breadcrumb\"},\"inLanguage\":\"ca\",\"potentialAction\":[{\"@type\":\"ReadAction\",\"target\":[\"https:\\\/\\\/opelviladecans.com\\\/ca\\\/contacte\\\/\"]}]},{\"@type\":\"BreadcrumbList\",\"@id\":\"https:\\\/\\\/opelviladecans.com\\\/ca\\\/contacte\\\/#breadcrumb\",\"itemListElement\":[{\"@type\":\"ListItem\",\"position\":1,\"name\":\"Portada\",\"item\":\"https:\\\/\\\/opelviladecans.com\\\/ca\\\/\"},{\"@type\":\"ListItem\",\"position\":2,\"name\":\"Contacte\"}]},{\"@type\":\"WebSite\",\"@id\":\"https:\\\/\\\/opelviladecans.com\\\/ca\\\/#website\",\"url\":\"https:\\\/\\\/opelviladecans.com\\\/ca\\\/\",\"name\":\"Talleres Isidoro Ledesma - Opel Viladecans\",\"description\":\"\",\"publisher\":{\"@id\":\"https:\\\/\\\/opelviladecans.com\\\/ca\\\/#organization\"},\"potentialAction\":[{\"@type\":\"SearchAction\",\"target\":{\"@type\":\"EntryPoint\",\"urlTemplate\":\"https:\\\/\\\/opelviladecans.com\\\/ca\\\/?s={search_term_string}\"},\"query-input\":{\"@type\":\"PropertyValueSpecification\",\"valueRequired\":true,\"valueName\":\"search_term_string\"}}],\"inLanguage\":\"ca\"},{\"@type\":\"Organization\",\"@id\":\"https:\\\/\\\/opelviladecans.com\\\/ca\\\/#organization\",\"name\":\"Talleres Isidoro Ledesma\",\"url\":\"https:\\\/\\\/opelviladecans.com\\\/ca\\\/\",\"logo\":{\"@type\":\"ImageObject\",\"inLanguage\":\"ca\",\"@id\":\"https:\\\/\\\/opelviladecans.com\\\/ca\\\/#\\\/schema\\\/logo\\\/image\\\/\",\"url\":\"https:\\\/\\\/opelviladecans.com\\\/wp-content\\\/uploads\\\/2026\\\/03\\\/logo-opel-wl.avif\",\"contentUrl\":\"https:\\\/\\\/opelviladecans.com\\\/wp-content\\\/uploads\\\/2026\\\/03\\\/logo-opel-wl.avif\",\"width\":200,\"height\":200,\"caption\":\"Talleres Isidoro Ledesma\"},\"image\":{\"@id\":\"https:\\\/\\\/opelviladecans.com\\\/ca\\\/#\\\/schema\\\/logo\\\/image\\\/\"}}]}<\/script>\n<!-- \/ Yoast SEO plugin. -->","yoast_head_json":{"title":"Contacte - Opel Viladecans","description":"Contacta con Opel Viladecans para recibir informaci\u00f3n sobre veh\u00edculos, servicios y atenci\u00f3n personalizada. Te responderemos lo antes posible.","robots":{"index":"index","follow":"follow","max-snippet":"max-snippet:-1","max-image-preview":"max-image-preview:large","max-video-preview":"max-video-preview:-1"},"canonical":"https:\/\/opelviladecans.com\/ca\/contacte\/","og_locale":"ca_ES","og_type":"article","og_title":"Contacte - Opel Viladecans","og_description":"Contacta con Opel Viladecans para recibir informaci\u00f3n sobre veh\u00edculos, servicios y atenci\u00f3n personalizada. Te responderemos lo antes posible.","og_url":"https:\/\/opelviladecans.com\/ca\/contacte\/","og_site_name":"Opel Viladecans","article_modified_time":"2026-05-04T09:29:29+00:00","twitter_card":"summary_large_image","schema":{"@context":"https:\/\/schema.org","@graph":[{"@type":"WebPage","@id":"https:\/\/opelviladecans.com\/ca\/contacte\/","url":"https:\/\/opelviladecans.com\/ca\/contacte\/","name":"Contacte - Opel Viladecans","isPartOf":{"@id":"https:\/\/opelviladecans.com\/ca\/#website"},"datePublished":"2026-03-25T08:50:19+00:00","dateModified":"2026-05-04T09:29:29+00:00","description":"Contacta con Opel Viladecans para recibir informaci\u00f3n sobre veh\u00edculos, servicios y atenci\u00f3n personalizada. Te responderemos lo antes posible.","breadcrumb":{"@id":"https:\/\/opelviladecans.com\/ca\/contacte\/#breadcrumb"},"inLanguage":"ca","potentialAction":[{"@type":"ReadAction","target":["https:\/\/opelviladecans.com\/ca\/contacte\/"]}]},{"@type":"BreadcrumbList","@id":"https:\/\/opelviladecans.com\/ca\/contacte\/#breadcrumb","itemListElement":[{"@type":"ListItem","position":1,"name":"Portada","item":"https:\/\/opelviladecans.com\/ca\/"},{"@type":"ListItem","position":2,"name":"Contacte"}]},{"@type":"WebSite","@id":"https:\/\/opelviladecans.com\/ca\/#website","url":"https:\/\/opelviladecans.com\/ca\/","name":"Talleres Isidoro Ledesma - Opel Viladecans","description":"","publisher":{"@id":"https:\/\/opelviladecans.com\/ca\/#organization"},"potentialAction":[{"@type":"SearchAction","target":{"@type":"EntryPoint","urlTemplate":"https:\/\/opelviladecans.com\/ca\/?s={search_term_string}"},"query-input":{"@type":"PropertyValueSpecification","valueRequired":true,"valueName":"search_term_string"}}],"inLanguage":"ca"},{"@type":"Organization","@id":"https:\/\/opelviladecans.com\/ca\/#organization","name":"Talleres Isidoro Ledesma","url":"https:\/\/opelviladecans.com\/ca\/","logo":{"@type":"ImageObject","inLanguage":"ca","@id":"https:\/\/opelviladecans.com\/ca\/#\/schema\/logo\/image\/","url":"https:\/\/opelviladecans.com\/wp-content\/uploads\/2026\/03\/logo-opel-wl.avif","contentUrl":"https:\/\/opelviladecans.com\/wp-content\/uploads\/2026\/03\/logo-opel-wl.avif","width":200,"height":200,"caption":"Talleres Isidoro Ledesma"},"image":{"@id":"https:\/\/opelviladecans.com\/ca\/#\/schema\/logo\/image\/"}}]}},"_links":{"self":[{"href":"https:\/\/opelviladecans.com\/ca\/wp-json\/wp\/v2\/pages\/2220","targetHints":{"allow":["GET"]}}],"collection":[{"href":"https:\/\/opelviladecans.com\/ca\/wp-json\/wp\/v2\/pages"}],"about":[{"href":"https:\/\/opelviladecans.com\/ca\/wp-json\/wp\/v2\/types\/page"}],"author":[{"embeddable":true,"href":"https:\/\/opelviladecans.com\/ca\/wp-json\/wp\/v2\/users\/2"}],"replies":[{"embeddable":true,"href":"https:\/\/opelviladecans.com\/ca\/wp-json\/wp\/v2\/comments?post=2220"}],"version-history":[{"count":1,"href":"https:\/\/opelviladecans.com\/ca\/wp-json\/wp\/v2\/pages\/2220\/revisions"}],"predecessor-version":[{"id":2226,"href":"https:\/\/opelviladecans.com\/ca\/wp-json\/wp\/v2\/pages\/2220\/revisions\/2226"}],"wp:attachment":[{"href":"https:\/\/opelviladecans.com\/ca\/wp-json\/wp\/v2\/media?parent=2220"}],"curies":[{"name":"wp","href":"https:\/\/api.w.org\/{rel}","templated":true}]}}