{"id":2218,"date":"2026-04-10T09:11:15","date_gmt":"2026-04-10T07:11:15","guid":{"rendered":"https:\/\/opelviladecans.com\/nosaltres\/"},"modified":"2026-05-04T16:57:17","modified_gmt":"2026-05-04T14:57:17","slug":"nosaltres","status":"publish","type":"page","link":"https:\/\/opelviladecans.com\/ca\/nosaltres\/","title":{"rendered":"Nosaltres"},"content":{"rendered":"\t\t<div data-elementor-type=\"wp-page\" data-elementor-id=\"2218\" class=\"elementor elementor-2218 elementor-1085\" data-elementor-post-type=\"page\">\n\t\t\t\t<div class=\"elementor-element elementor-element-40f1a38 e-con-full e-flex e-con e-parent\" data-id=\"40f1a38\" data-element_type=\"container\" data-e-type=\"container\">\n\t\t\t\t<div class=\"elementor-element elementor-element-7e5b0ba elementor-widget__width-inherit elementor-widget elementor-widget-image\" data-id=\"7e5b0ba\" data-element_type=\"widget\" data-e-type=\"widget\" data-widget_type=\"image.default\">\n\t\t\t\t\t\t\t\t\t\t\t\t\t\t\t<img fetchpriority=\"high\" decoding=\"async\" width=\"2158\" height=\"926\" src=\"https:\/\/opelviladecans.com\/wp-content\/uploads\/2026\/04\/opel-showroom-bg.jpg\" class=\"attachment-full size-full wp-image-2214\" alt=\"\" srcset=\"https:\/\/opelviladecans.com\/wp-content\/uploads\/2026\/04\/opel-showroom-bg.jpg 2158w, https:\/\/opelviladecans.com\/wp-content\/uploads\/2026\/04\/opel-showroom-bg-300x129.jpg 300w, https:\/\/opelviladecans.com\/wp-content\/uploads\/2026\/04\/opel-showroom-bg-1024x439.jpg 1024w, https:\/\/opelviladecans.com\/wp-content\/uploads\/2026\/04\/opel-showroom-bg-768x330.jpg 768w, https:\/\/opelviladecans.com\/wp-content\/uploads\/2026\/04\/opel-showroom-bg-1536x659.jpg 1536w, https:\/\/opelviladecans.com\/wp-content\/uploads\/2026\/04\/opel-showroom-bg-2048x879.jpg 2048w\" sizes=\"(max-width: 2158px) 100vw, 2158px\" \/>\t\t\t\t\t\t\t\t\t\t\t\t\t\t\t<\/div>\n\t\t\t\t<\/div>\n\t\t<div class=\"elementor-element elementor-element-c04866b e-grid e-con-full e-con e-parent\" data-id=\"c04866b\" data-element_type=\"container\" data-e-type=\"container\">\n\t\t<div class=\"elementor-element elementor-element-74855cd e-con-full e-flex e-con e-child\" data-id=\"74855cd\" data-element_type=\"container\" data-e-type=\"container\" data-settings=\"{&quot;sticky&quot;:&quot;top&quot;,&quot;sticky_on&quot;:[&quot;desktop&quot;],&quot;sticky_offset&quot;:104,&quot;sticky_parent&quot;:&quot;yes&quot;,&quot;sticky_effects_offset&quot;:0,&quot;sticky_anchor_link_offset&quot;:0}\">\n\t\t<div class=\"elementor-element elementor-element-265c3d2 e-con-full e-flex e-con e-child\" data-id=\"265c3d2\" data-element_type=\"container\" data-e-type=\"container\">\n\t\t\t\t<div class=\"elementor-element elementor-element-e23d4ad elementor-widget elementor-widget-heading\" data-id=\"e23d4ad\" data-element_type=\"widget\" data-e-type=\"widget\" data-widget_type=\"heading.default\">\n\t\t\t\t\t<h1 class=\"elementor-heading-title elementor-size-default\">Nosaltres<\/h1>\t\t\t\t<\/div>\n\t\t\t\t<div class=\"elementor-element elementor-element-3346110 elementor-widget elementor-widget-text-editor\" data-id=\"3346110\" data-element_type=\"widget\" data-e-type=\"widget\" data-widget_type=\"text-editor.default\">\n\t\t\t\t\t\t\t\t\t<p>Amb m\u00e9s de 30 anys d&#8217;experi\u00e8ncia, el nostre comprom\u00eds \u00e9s oferir-te un servei excepcional en la compra, el manteniment i la reparaci\u00f3 de vehicles.<\/p>\t\t\t\t\t\t\t\t<\/div>\n\t\t\t\t<\/div>\n\t\t\t\t<div class=\"elementor-element elementor-element-c73d5ce elementor-hidden-tablet elementor-hidden-mobile elementor-widget elementor-widget-button\" data-id=\"c73d5ce\" data-element_type=\"widget\" data-e-type=\"widget\" data-widget_type=\"button.default\">\n\t\t\t\t\t\t\t\t\t\t<a class=\"elementor-button elementor-button-link elementor-size-sm\" href=\"https:\/\/opelviladecans.com\/ca\/contacte\/\">\n\t\t\t\t\t\t<span class=\"elementor-button-content-wrapper\">\n\t\t\t\t\t\t\t\t\t<span class=\"elementor-button-text\">Contacta amb nosaltres<\/span>\n\t\t\t\t\t<\/span>\n\t\t\t\t\t<\/a>\n\t\t\t\t\t\t\t\t<\/div>\n\t\t\t\t<\/div>\n\t\t<div class=\"elementor-element elementor-element-298892c e-flex e-con-boxed e-con e-child\" data-id=\"298892c\" data-element_type=\"container\" data-e-type=\"container\">\n\t\t\t\t\t<div class=\"e-con-inner\">\n\t\t<div class=\"elementor-element elementor-element-845acb3 e-con-full e-flex e-con e-child\" data-id=\"845acb3\" data-element_type=\"container\" data-e-type=\"container\">\n\t\t\t\t<div class=\"elementor-element elementor-element-d0deff2 elementor-widget elementor-widget-heading\" data-id=\"d0deff2\" data-element_type=\"widget\" data-e-type=\"widget\" data-widget_type=\"heading.default\">\n\t\t\t\t\t<h2 class=\"elementor-heading-title elementor-size-default\">Concessionari i Taller Mec\u00e0nic a Viladecans (Barcelona) amb M\u00e9s de 35 Anys d'Experi\u00e8ncia<\/h2>\t\t\t\t<\/div>\n\t\t\t\t<div class=\"elementor-element elementor-element-b38b51a elementor-widget elementor-widget-text-editor\" data-id=\"b38b51a\" data-element_type=\"widget\" data-e-type=\"widget\" data-widget_type=\"text-editor.default\">\n\t\t\t\t\t\t\t\t\t<p>Des del 1988, som el teu concessionari de confian\u00e7a a Viladecans i Barcelona, \u200b\u200bespecialitzats en la venda de cotxes nous i vehicles d&#8217;ocasi\u00f3, aix\u00ed com en serveis de taller mec\u00e0nic professional.<\/p><p>El nostre comprom\u00eds amb la qualitat, l&#8217;atenci\u00f3 al client i la professionalitat ens ha esdevingut un referent al sector de l&#8217;automoci\u00f3. Treballem cada dia per oferir-te una experi\u00e8ncia \u00fanica, tant en la compra del teu cotxe com en el manteniment.<\/p><p>Contacta amb nosaltres i descobreix tot el que et podem oferir.<\/p>\t\t\t\t\t\t\t\t<\/div>\n\t\t\t\t<\/div>\n\t\t<div class=\"elementor-element elementor-element-7548179 e-con-full e-flex e-con e-child\" data-id=\"7548179\" data-element_type=\"container\" data-e-type=\"container\">\n\t\t\t\t<div class=\"elementor-element elementor-element-bc97dc1 elementor-widget elementor-widget-heading\" data-id=\"bc97dc1\" data-element_type=\"widget\" data-e-type=\"widget\" data-widget_type=\"heading.default\">\n\t\t\t\t\t<h2 class=\"elementor-heading-title elementor-size-default\">Venda de Cotxes Nous i Vehicles d'Ocasi\u00f3 a Viladecans<\/h2>\t\t\t\t<\/div>\n\t\t\t\t<div class=\"elementor-element elementor-element-e00a5ae elementor-widget elementor-widget-text-editor\" data-id=\"e00a5ae\" data-element_type=\"widget\" data-e-type=\"widget\" data-widget_type=\"text-editor.default\">\n\t\t\t\t\t\t\t\t\t<p>Si busques comprar un cotxe a Viladecans o Barcelona, \u200b\u200bposem a la teva disposici\u00f3 una \u00e0mplia selecci\u00f3 de cotxes nous d&#8217;\u00faltima generaci\u00f3 i vehicles d&#8217;ocasi\u00f3 revisats i garantits.<\/p><p>Treballem amb marques capdavanteres en innovaci\u00f3, seguretat i efici\u00e8ncia, i t&#8217;assessorem de forma personalitzada per ajudar-te a trobar el cotxe que millor s&#8217;adapti a les teves necessitats i pressupost.<\/p><p>El nostre equip de professionals apassionats per l&#8217;automoci\u00f3 us acompanyar\u00e0 durant tot el proc\u00e9s de compra, garantint una experi\u00e8ncia f\u00e0cil, transparent i segura.<\/p>\t\t\t\t\t\t\t\t<\/div>\n\t\t\t\t<\/div>\n\t\t<div class=\"elementor-element elementor-element-f2421de e-con-full e-flex e-con e-child\" data-id=\"f2421de\" data-element_type=\"container\" data-e-type=\"container\">\n\t\t\t\t<div class=\"elementor-element elementor-element-60ff719 elementor-widget elementor-widget-heading\" data-id=\"60ff719\" data-element_type=\"widget\" data-e-type=\"widget\" data-widget_type=\"heading.default\">\n\t\t\t\t\t<h2 class=\"elementor-heading-title elementor-size-default\">Taller Mec\u00e0nic a Viladecans: Manteniment i Reparaci\u00f3 de Vehicles<\/h2>\t\t\t\t<\/div>\n\t\t\t\t<div class=\"elementor-element elementor-element-0bba194 elementor-widget elementor-widget-text-editor\" data-id=\"0bba194\" data-element_type=\"widget\" data-e-type=\"widget\" data-widget_type=\"text-editor.default\">\n\t\t\t\t\t\t\t\t\t<p>Al nostre taller mec\u00e0nic a Viladecans, oferim un servei integral per al manteniment i reparaci\u00f3 del teu cotxe.<\/p><p>Comptem amb t\u00e8cnics especialitzats i equipament d&#8217;\u00faltima tecnologia per fer:<\/p><ul><li>Revisions peri\u00f2diques<\/li><li>Manteniment preventiu<\/li><li>Reparacions mec\u00e0niques<\/li><li>Diagn\u00f2stic avan\u00e7at<\/li><\/ul><p>El teu vehicle estar\u00e0 sempre a les millors mans, assegurant el seu rendiment, seguretat i durabilitat.<\/p>\t\t\t\t\t\t\t\t<\/div>\n\t\t\t\t<\/div>\n\t\t<div class=\"elementor-element elementor-element-a24720f e-con-full e-flex e-con e-child\" data-id=\"a24720f\" data-element_type=\"container\" data-e-type=\"container\">\n\t\t\t\t<div class=\"elementor-element elementor-element-b3c00d7 elementor-widget elementor-widget-heading\" data-id=\"b3c00d7\" data-element_type=\"widget\" data-e-type=\"widget\" data-widget_type=\"heading.default\">\n\t\t\t\t\t<h2 class=\"elementor-heading-title elementor-size-default\">Qualitat Certificada i Atenci\u00f3 Professional<\/h2>\t\t\t\t<\/div>\n\t\t\t\t<div class=\"elementor-element elementor-element-eeb9bab elementor-widget elementor-widget-text-editor\" data-id=\"eeb9bab\" data-element_type=\"widget\" data-e-type=\"widget\" data-widget_type=\"text-editor.default\">\n\t\t\t\t\t\t\t\t\t<p>Disposem d&#8217;un equip de 25 especialistes en formaci\u00f3 constant per oferir-te el millor servei. A m\u00e9s, el 2005 vam obtenir la certificaci\u00f3 UNE-EN ISO 9001:2008, que avala els nostres processos de qualitat i atenci\u00f3 al client.<\/p><p>Gr\u00e0cies al nostre volum de compra, podem oferir preus competitius sense renunciar a l&#8217;excel\u00b7l\u00e8ncia al servei.<\/p>\t\t\t\t\t\t\t\t<\/div>\n\t\t\t\t<\/div>\n\t\t<div class=\"elementor-element elementor-element-c559796 e-con-full e-flex e-con e-child\" data-id=\"c559796\" data-element_type=\"container\" data-e-type=\"container\">\n\t\t\t\t<div class=\"elementor-element elementor-element-f7b4942 elementor-widget elementor-widget-heading\" data-id=\"f7b4942\" data-element_type=\"widget\" data-e-type=\"widget\" data-widget_type=\"heading.default\">\n\t\t\t\t\t<h2 class=\"elementor-heading-title elementor-size-default\">El teu Concessionari de Confian\u00e7a a Viladecans i Barcelona<\/h2>\t\t\t\t<\/div>\n\t\t\t\t<div class=\"elementor-element elementor-element-70712b8 elementor-widget elementor-widget-text-editor\" data-id=\"70712b8\" data-element_type=\"widget\" data-e-type=\"widget\" data-widget_type=\"text-editor.default\">\n\t\t\t\t\t\t\t\t\t<p>La nostra missi\u00f3 \u00e9s clara: ser el teu taller i concessionari de confian\u00e7a a Viladecans i Barcelona. Volem acompanyar-te a cada etapa, des de la compra del teu cotxe fins al seu manteniment al llarg del temps.<\/p><ul><li>Visita&#8217;ns avui mateix i descobreix per qu\u00e8 som una de les millors opcions en automoci\u00f3 a la zona.<\/li><li>Som a Viladecans, molt a prop de Barcelona<\/li><li>Contacta&#8217;ns sense comprom\u00eds<\/li><\/ul>\t\t\t\t\t\t\t\t<\/div>\n\t\t\t\t<\/div>\n\t\t\t\t\t<\/div>\n\t\t\t\t<\/div>\n\t\t<div class=\"elementor-element elementor-element-a276621 e-con-full elementor-hidden-desktop e-flex e-con e-child\" data-id=\"a276621\" data-element_type=\"container\" data-e-type=\"container\" data-settings=\"{&quot;sticky&quot;:&quot;top&quot;,&quot;sticky_on&quot;:[&quot;desktop&quot;],&quot;sticky_offset&quot;:104,&quot;sticky_parent&quot;:&quot;yes&quot;,&quot;sticky_effects_offset&quot;:0,&quot;sticky_anchor_link_offset&quot;:0}\">\n\t\t\t\t<div class=\"elementor-element elementor-element-f847b1d elementor-widget elementor-widget-button\" data-id=\"f847b1d\" data-element_type=\"widget\" data-e-type=\"widget\" data-widget_type=\"button.default\">\n\t\t\t\t\t\t\t\t\t\t<a class=\"elementor-button elementor-button-link elementor-size-sm\" href=\"https:\/\/opelviladecans.com\/contacte\/\">\n\t\t\t\t\t\t<span class=\"elementor-button-content-wrapper\">\n\t\t\t\t\t\t\t\t\t<span class=\"elementor-button-text\">Contacta amb nosaltres<\/span>\n\t\t\t\t\t<\/span>\n\t\t\t\t\t<\/a>\n\t\t\t\t\t\t\t\t<\/div>\n\t\t\t\t<\/div>\n\t\t\t\t<\/div>\n\t\t\t\t<\/div>\n\t\t","protected":false},"excerpt":{"rendered":"<p>Amb m\u00e9s de 30 anys d&#8217;experi\u00e8ncia, el nostre comprom\u00eds \u00e9s oferir-te un servei excepcional en la compra, el manteniment i la reparaci\u00f3 de vehicles. Contacta amb nosaltres Concessionari i Taller Mec\u00e0nic a Viladecans (Barcelona) amb M\u00e9s de 35 Anys d&#8217;Experi\u00e8ncia Des del 1988, som el teu concessionari de confian\u00e7a a Viladecans i Barcelona, \u200b\u200bespecialitzats en [&hellip;]<\/p>\n","protected":false},"author":2,"featured_media":0,"parent":0,"menu_order":0,"comment_status":"closed","ping_status":"closed","template":"","meta":{"_acf_changed":false,"footnotes":""},"class_list":["post-2218","page","type-page","status-publish","hentry"],"acf":[],"yoast_head":"<!-- This site is optimized with the Yoast SEO plugin v27.5 - https:\/\/yoast.com\/product\/yoast-seo-wordpress\/ -->\n<title>Sobre Talleres Isidoro Ledesma - Opel Viladecans<\/title>\n<meta name=\"description\" content=\"A Tallers Isidoro Ledesma Concessionari Opel a Viladecans (Barcelona), creiem en la proximitat i el tracte personalitzat. Coneix el nostre equip i el comprom\u00eds que ens defineix.\" \/>\n<meta name=\"robots\" content=\"index, follow, max-snippet:-1, max-image-preview:large, max-video-preview:-1\" \/>\n<link rel=\"canonical\" href=\"https:\/\/opelviladecans.com\/ca\/nosaltres\/\" \/>\n<meta property=\"og:locale\" content=\"ca_ES\" \/>\n<meta property=\"og:type\" content=\"article\" \/>\n<meta property=\"og:title\" content=\"Sobre Talleres Isidoro Ledesma - Opel Viladecans\" \/>\n<meta property=\"og:description\" content=\"A Tallers Isidoro Ledesma Concessionari Opel a Viladecans (Barcelona), creiem en la proximitat i el tracte personalitzat. Coneix el nostre equip i el comprom\u00eds que ens defineix.\" \/>\n<meta property=\"og:url\" content=\"https:\/\/opelviladecans.com\/ca\/nosaltres\/\" \/>\n<meta property=\"og:site_name\" content=\"Opel Viladecans\" \/>\n<meta property=\"article:modified_time\" content=\"2026-05-04T14:57:17+00:00\" \/>\n<meta property=\"og:image\" content=\"https:\/\/opelviladecans.com\/wp-content\/uploads\/2026\/04\/opel-showroom-bg.jpg\" \/>\n\t<meta property=\"og:image:width\" content=\"2158\" \/>\n\t<meta property=\"og:image:height\" content=\"926\" \/>\n\t<meta property=\"og:image:type\" content=\"image\/jpeg\" \/>\n<meta name=\"twitter:card\" content=\"summary_large_image\" \/>\n<meta name=\"twitter:label1\" content=\"Temps estimat de lectura\" \/>\n\t<meta name=\"twitter:data1\" content=\"3 minuts\" \/>\n<script type=\"application\/ld+json\" class=\"yoast-schema-graph\">{\"@context\":\"https:\\\/\\\/schema.org\",\"@graph\":[{\"@type\":\"WebPage\",\"@id\":\"https:\\\/\\\/opelviladecans.com\\\/ca\\\/nosaltres\\\/\",\"url\":\"https:\\\/\\\/opelviladecans.com\\\/ca\\\/nosaltres\\\/\",\"name\":\"Sobre Talleres Isidoro Ledesma - Opel Viladecans\",\"isPartOf\":{\"@id\":\"https:\\\/\\\/opelviladecans.com\\\/ca\\\/#website\"},\"primaryImageOfPage\":{\"@id\":\"https:\\\/\\\/opelviladecans.com\\\/ca\\\/nosaltres\\\/#primaryimage\"},\"image\":{\"@id\":\"https:\\\/\\\/opelviladecans.com\\\/ca\\\/nosaltres\\\/#primaryimage\"},\"thumbnailUrl\":\"https:\\\/\\\/opelviladecans.com\\\/wp-content\\\/uploads\\\/2026\\\/04\\\/opel-showroom-bg.jpg\",\"datePublished\":\"2026-04-10T07:11:15+00:00\",\"dateModified\":\"2026-05-04T14:57:17+00:00\",\"description\":\"A Tallers Isidoro Ledesma Concessionari Opel a Viladecans (Barcelona), creiem en la proximitat i el tracte personalitzat. Coneix el nostre equip i el comprom\u00eds que ens defineix.\",\"breadcrumb\":{\"@id\":\"https:\\\/\\\/opelviladecans.com\\\/ca\\\/nosaltres\\\/#breadcrumb\"},\"inLanguage\":\"ca\",\"potentialAction\":[{\"@type\":\"ReadAction\",\"target\":[\"https:\\\/\\\/opelviladecans.com\\\/ca\\\/nosaltres\\\/\"]}]},{\"@type\":\"ImageObject\",\"inLanguage\":\"ca\",\"@id\":\"https:\\\/\\\/opelviladecans.com\\\/ca\\\/nosaltres\\\/#primaryimage\",\"url\":\"https:\\\/\\\/opelviladecans.com\\\/wp-content\\\/uploads\\\/2026\\\/04\\\/opel-showroom-bg.jpg\",\"contentUrl\":\"https:\\\/\\\/opelviladecans.com\\\/wp-content\\\/uploads\\\/2026\\\/04\\\/opel-showroom-bg.jpg\"},{\"@type\":\"BreadcrumbList\",\"@id\":\"https:\\\/\\\/opelviladecans.com\\\/ca\\\/nosaltres\\\/#breadcrumb\",\"itemListElement\":[{\"@type\":\"ListItem\",\"position\":1,\"name\":\"Portada\",\"item\":\"https:\\\/\\\/opelviladecans.com\\\/ca\\\/\"},{\"@type\":\"ListItem\",\"position\":2,\"name\":\"Nosaltres\"}]},{\"@type\":\"WebSite\",\"@id\":\"https:\\\/\\\/opelviladecans.com\\\/ca\\\/#website\",\"url\":\"https:\\\/\\\/opelviladecans.com\\\/ca\\\/\",\"name\":\"Talleres Isidoro Ledesma - Opel Viladecans\",\"description\":\"\",\"publisher\":{\"@id\":\"https:\\\/\\\/opelviladecans.com\\\/ca\\\/#organization\"},\"potentialAction\":[{\"@type\":\"SearchAction\",\"target\":{\"@type\":\"EntryPoint\",\"urlTemplate\":\"https:\\\/\\\/opelviladecans.com\\\/ca\\\/?s={search_term_string}\"},\"query-input\":{\"@type\":\"PropertyValueSpecification\",\"valueRequired\":true,\"valueName\":\"search_term_string\"}}],\"inLanguage\":\"ca\"},{\"@type\":\"Organization\",\"@id\":\"https:\\\/\\\/opelviladecans.com\\\/ca\\\/#organization\",\"name\":\"Talleres Isidoro Ledesma\",\"url\":\"https:\\\/\\\/opelviladecans.com\\\/ca\\\/\",\"logo\":{\"@type\":\"ImageObject\",\"inLanguage\":\"ca\",\"@id\":\"https:\\\/\\\/opelviladecans.com\\\/ca\\\/#\\\/schema\\\/logo\\\/image\\\/\",\"url\":\"https:\\\/\\\/opelviladecans.com\\\/wp-content\\\/uploads\\\/2026\\\/03\\\/logo-opel-wl.avif\",\"contentUrl\":\"https:\\\/\\\/opelviladecans.com\\\/wp-content\\\/uploads\\\/2026\\\/03\\\/logo-opel-wl.avif\",\"width\":200,\"height\":200,\"caption\":\"Talleres Isidoro Ledesma\"},\"image\":{\"@id\":\"https:\\\/\\\/opelviladecans.com\\\/ca\\\/#\\\/schema\\\/logo\\\/image\\\/\"}}]}<\/script>\n<!-- \/ Yoast SEO plugin. -->","yoast_head_json":{"title":"Sobre Talleres Isidoro Ledesma - Opel Viladecans","description":"A Tallers Isidoro Ledesma Concessionari Opel a Viladecans (Barcelona), creiem en la proximitat i el tracte personalitzat. Coneix el nostre equip i el comprom\u00eds que ens defineix.","robots":{"index":"index","follow":"follow","max-snippet":"max-snippet:-1","max-image-preview":"max-image-preview:large","max-video-preview":"max-video-preview:-1"},"canonical":"https:\/\/opelviladecans.com\/ca\/nosaltres\/","og_locale":"ca_ES","og_type":"article","og_title":"Sobre Talleres Isidoro Ledesma - Opel Viladecans","og_description":"A Tallers Isidoro Ledesma Concessionari Opel a Viladecans (Barcelona), creiem en la proximitat i el tracte personalitzat. Coneix el nostre equip i el comprom\u00eds que ens defineix.","og_url":"https:\/\/opelviladecans.com\/ca\/nosaltres\/","og_site_name":"Opel Viladecans","article_modified_time":"2026-05-04T14:57:17+00:00","og_image":[{"width":2158,"height":926,"url":"https:\/\/opelviladecans.com\/wp-content\/uploads\/2026\/04\/opel-showroom-bg.jpg","type":"image\/jpeg"}],"twitter_card":"summary_large_image","twitter_misc":{"Temps estimat de lectura":"3 minuts"},"schema":{"@context":"https:\/\/schema.org","@graph":[{"@type":"WebPage","@id":"https:\/\/opelviladecans.com\/ca\/nosaltres\/","url":"https:\/\/opelviladecans.com\/ca\/nosaltres\/","name":"Sobre Talleres Isidoro Ledesma - Opel Viladecans","isPartOf":{"@id":"https:\/\/opelviladecans.com\/ca\/#website"},"primaryImageOfPage":{"@id":"https:\/\/opelviladecans.com\/ca\/nosaltres\/#primaryimage"},"image":{"@id":"https:\/\/opelviladecans.com\/ca\/nosaltres\/#primaryimage"},"thumbnailUrl":"https:\/\/opelviladecans.com\/wp-content\/uploads\/2026\/04\/opel-showroom-bg.jpg","datePublished":"2026-04-10T07:11:15+00:00","dateModified":"2026-05-04T14:57:17+00:00","description":"A Tallers Isidoro Ledesma Concessionari Opel a Viladecans (Barcelona), creiem en la proximitat i el tracte personalitzat. Coneix el nostre equip i el comprom\u00eds que ens defineix.","breadcrumb":{"@id":"https:\/\/opelviladecans.com\/ca\/nosaltres\/#breadcrumb"},"inLanguage":"ca","potentialAction":[{"@type":"ReadAction","target":["https:\/\/opelviladecans.com\/ca\/nosaltres\/"]}]},{"@type":"ImageObject","inLanguage":"ca","@id":"https:\/\/opelviladecans.com\/ca\/nosaltres\/#primaryimage","url":"https:\/\/opelviladecans.com\/wp-content\/uploads\/2026\/04\/opel-showroom-bg.jpg","contentUrl":"https:\/\/opelviladecans.com\/wp-content\/uploads\/2026\/04\/opel-showroom-bg.jpg"},{"@type":"BreadcrumbList","@id":"https:\/\/opelviladecans.com\/ca\/nosaltres\/#breadcrumb","itemListElement":[{"@type":"ListItem","position":1,"name":"Portada","item":"https:\/\/opelviladecans.com\/ca\/"},{"@type":"ListItem","position":2,"name":"Nosaltres"}]},{"@type":"WebSite","@id":"https:\/\/opelviladecans.com\/ca\/#website","url":"https:\/\/opelviladecans.com\/ca\/","name":"Talleres Isidoro Ledesma - Opel Viladecans","description":"","publisher":{"@id":"https:\/\/opelviladecans.com\/ca\/#organization"},"potentialAction":[{"@type":"SearchAction","target":{"@type":"EntryPoint","urlTemplate":"https:\/\/opelviladecans.com\/ca\/?s={search_term_string}"},"query-input":{"@type":"PropertyValueSpecification","valueRequired":true,"valueName":"search_term_string"}}],"inLanguage":"ca"},{"@type":"Organization","@id":"https:\/\/opelviladecans.com\/ca\/#organization","name":"Talleres Isidoro Ledesma","url":"https:\/\/opelviladecans.com\/ca\/","logo":{"@type":"ImageObject","inLanguage":"ca","@id":"https:\/\/opelviladecans.com\/ca\/#\/schema\/logo\/image\/","url":"https:\/\/opelviladecans.com\/wp-content\/uploads\/2026\/03\/logo-opel-wl.avif","contentUrl":"https:\/\/opelviladecans.com\/wp-content\/uploads\/2026\/03\/logo-opel-wl.avif","width":200,"height":200,"caption":"Talleres Isidoro Ledesma"},"image":{"@id":"https:\/\/opelviladecans.com\/ca\/#\/schema\/logo\/image\/"}}]}},"_links":{"self":[{"href":"https:\/\/opelviladecans.com\/ca\/wp-json\/wp\/v2\/pages\/2218","targetHints":{"allow":["GET"]}}],"collection":[{"href":"https:\/\/opelviladecans.com\/ca\/wp-json\/wp\/v2\/pages"}],"about":[{"href":"https:\/\/opelviladecans.com\/ca\/wp-json\/wp\/v2\/types\/page"}],"author":[{"embeddable":true,"href":"https:\/\/opelviladecans.com\/ca\/wp-json\/wp\/v2\/users\/2"}],"replies":[{"embeddable":true,"href":"https:\/\/opelviladecans.com\/ca\/wp-json\/wp\/v2\/comments?post=2218"}],"version-history":[{"count":4,"href":"https:\/\/opelviladecans.com\/ca\/wp-json\/wp\/v2\/pages\/2218\/revisions"}],"predecessor-version":[{"id":2539,"href":"https:\/\/opelviladecans.com\/ca\/wp-json\/wp\/v2\/pages\/2218\/revisions\/2539"}],"wp:attachment":[{"href":"https:\/\/opelviladecans.com\/ca\/wp-json\/wp\/v2\/media?parent=2218"}],"curies":[{"name":"wp","href":"https:\/\/api.w.org\/{rel}","templated":true}]}}