{"id":2215,"date":"2026-03-25T11:02:34","date_gmt":"2026-03-25T10:02:34","guid":{"rendered":"https:\/\/opelviladecans.com\/els-nostres-serveis\/"},"modified":"2026-05-04T16:57:34","modified_gmt":"2026-05-04T14:57:34","slug":"els-nostres-serveis","status":"publish","type":"page","link":"https:\/\/opelviladecans.com\/ca\/els-nostres-serveis\/","title":{"rendered":"Els nostres serveis"},"content":{"rendered":"\t\t<div data-elementor-type=\"wp-page\" data-elementor-id=\"2215\" class=\"elementor elementor-2215 elementor-138\" data-elementor-post-type=\"page\">\n\t\t\t\t<div class=\"elementor-element elementor-element-3ec6c5f e-con-full e-flex e-con e-parent\" data-id=\"3ec6c5f\" data-element_type=\"container\" data-e-type=\"container\">\n\t\t\t\t<div class=\"elementor-element elementor-element-d9c8ad1 elementor-widget__width-inherit elementor-widget elementor-widget-image\" data-id=\"d9c8ad1\" data-element_type=\"widget\" data-e-type=\"widget\" data-widget_type=\"image.default\">\n\t\t\t\t\t\t\t\t\t\t\t\t\t\t\t<img fetchpriority=\"high\" decoding=\"async\" width=\"2158\" height=\"926\" src=\"https:\/\/opelviladecans.com\/wp-content\/uploads\/2026\/04\/opel-showroom-bg.jpg\" class=\"attachment-full size-full wp-image-2214\" alt=\"\" srcset=\"https:\/\/opelviladecans.com\/wp-content\/uploads\/2026\/04\/opel-showroom-bg.jpg 2158w, https:\/\/opelviladecans.com\/wp-content\/uploads\/2026\/04\/opel-showroom-bg-300x129.jpg 300w, https:\/\/opelviladecans.com\/wp-content\/uploads\/2026\/04\/opel-showroom-bg-1024x439.jpg 1024w, https:\/\/opelviladecans.com\/wp-content\/uploads\/2026\/04\/opel-showroom-bg-768x330.jpg 768w, https:\/\/opelviladecans.com\/wp-content\/uploads\/2026\/04\/opel-showroom-bg-1536x659.jpg 1536w, https:\/\/opelviladecans.com\/wp-content\/uploads\/2026\/04\/opel-showroom-bg-2048x879.jpg 2048w\" sizes=\"(max-width: 2158px) 100vw, 2158px\" \/>\t\t\t\t\t\t\t\t\t\t\t\t\t\t\t<\/div>\n\t\t\t\t<\/div>\n\t\t<div class=\"elementor-element elementor-element-2f99e77 e-grid e-con-full e-con e-parent\" data-id=\"2f99e77\" data-element_type=\"container\" data-e-type=\"container\">\n\t\t<div class=\"elementor-element elementor-element-fea423e e-con-full e-flex e-con e-child\" data-id=\"fea423e\" data-element_type=\"container\" data-e-type=\"container\" data-settings=\"{&quot;sticky&quot;:&quot;top&quot;,&quot;sticky_on&quot;:[&quot;desktop&quot;],&quot;sticky_offset&quot;:104,&quot;sticky_parent&quot;:&quot;yes&quot;,&quot;sticky_effects_offset&quot;:0,&quot;sticky_anchor_link_offset&quot;:0}\">\n\t\t<div class=\"elementor-element elementor-element-f5d1e0e e-con-full e-flex e-con e-child\" data-id=\"f5d1e0e\" data-element_type=\"container\" data-e-type=\"container\">\n\t\t\t\t<div class=\"elementor-element elementor-element-28ce4e6 elementor-widget elementor-widget-heading\" data-id=\"28ce4e6\" data-element_type=\"widget\" data-e-type=\"widget\" data-widget_type=\"heading.default\">\n\t\t\t\t\t<h1 class=\"elementor-heading-title elementor-size-default\">Els nostres<br>serveis<\/h1>\t\t\t\t<\/div>\n\t\t\t\t<div class=\"elementor-element elementor-element-dc5510b elementor-widget elementor-widget-text-editor\" data-id=\"dc5510b\" data-element_type=\"widget\" data-e-type=\"widget\" data-widget_type=\"text-editor.default\">\n\t\t\t\t\t\t\t\t\t<p>Des del nostre equip d&#8217;experts apassionats pels cotxes fins a la nostra certificaci\u00f3 ISO 9001, ens esforcem per assolir els est\u00e0ndards m\u00e9s alts de qualitat i servei.<\/p>\t\t\t\t\t\t\t\t<\/div>\n\t\t\t\t<\/div>\n\t\t\t\t<div class=\"elementor-element elementor-element-af3b68a elementor-hidden-tablet elementor-hidden-mobile elementor-widget elementor-widget-button\" data-id=\"af3b68a\" data-element_type=\"widget\" data-e-type=\"widget\" data-widget_type=\"button.default\">\n\t\t\t\t\t\t\t\t\t\t<a class=\"elementor-button elementor-button-link elementor-size-sm\" href=\"https:\/\/opelviladecans.com\/ca\/contacte\/\">\n\t\t\t\t\t\t<span class=\"elementor-button-content-wrapper\">\n\t\t\t\t\t\t\t\t\t<span class=\"elementor-button-text\">Contacta amb nosaltres<\/span>\n\t\t\t\t\t<\/span>\n\t\t\t\t\t<\/a>\n\t\t\t\t\t\t\t\t<\/div>\n\t\t\t\t<\/div>\n\t\t<div class=\"elementor-element elementor-element-71a88ab e-flex e-con-boxed e-con e-child\" data-id=\"71a88ab\" data-element_type=\"container\" data-e-type=\"container\">\n\t\t\t\t\t<div class=\"e-con-inner\">\n\t\t<div class=\"elementor-element elementor-element-fbecac2 e-con-full e-flex e-con e-child\" data-id=\"fbecac2\" data-element_type=\"container\" data-e-type=\"container\">\n\t\t\t\t<div class=\"elementor-element elementor-element-7f7a09f elementor-widget elementor-widget-heading\" data-id=\"7f7a09f\" data-element_type=\"widget\" data-e-type=\"widget\" data-widget_type=\"heading.default\">\n\t\t\t\t\t<h2 class=\"elementor-heading-title elementor-size-default\">Finan\u00e7ament<\/h2>\t\t\t\t<\/div>\n\t\t\t\t<div class=\"elementor-element elementor-element-c510dd0 elementor-widget elementor-widget-text-editor\" data-id=\"c510dd0\" data-element_type=\"widget\" data-e-type=\"widget\" data-widget_type=\"text-editor.default\">\n\t\t\t\t\t\t\t\t\t<p>Un dels nostres serveis m\u00e9s sol\u00b7licitats \u00e9s el finan\u00e7ament. Oferim opcions de finan\u00e7ament flexibles que s&#8217;adapten a les necessitats i pressupost de cada client. El nostre equip d&#8217;experts en finan\u00e7ament est\u00e0 disponible per guiar-vos a trav\u00e9s del proc\u00e9s i trobar la millor opci\u00f3 per a tu.  <\/p>\t\t\t\t\t\t\t\t<\/div>\n\t\t\t\t<\/div>\n\t\t<div class=\"elementor-element elementor-element-15187af e-con-full e-flex e-con e-child\" data-id=\"15187af\" data-element_type=\"container\" data-e-type=\"container\">\n\t\t\t\t<div class=\"elementor-element elementor-element-80ffa5d elementor-widget elementor-widget-heading\" data-id=\"80ffa5d\" data-element_type=\"widget\" data-e-type=\"widget\" data-widget_type=\"heading.default\">\n\t\t\t\t\t<h2 class=\"elementor-heading-title elementor-size-default\">Assegurances<\/h2>\t\t\t\t<\/div>\n\t\t\t\t<div class=\"elementor-element elementor-element-1c4266a elementor-widget elementor-widget-text-editor\" data-id=\"1c4266a\" data-element_type=\"widget\" data-e-type=\"widget\" data-widget_type=\"text-editor.default\">\n\t\t\t\t\t\t\t\t\t<p>Tamb\u00e9 oferim serveis d&#8217;assegurances per protegir el cotxe. Sabem com n&#8217;\u00e9s d&#8217;important tenir la tranquil\u00b7litat que el teu vehicle est\u00e0 protegit en cas d&#8217;accidents, robatoris o altres imprevistos. Treballem amb les principals companyies d&#8217;assegurances per oferir-vos les millors opcions de cobertura i preus competitius.  <\/p>\t\t\t\t\t\t\t\t<\/div>\n\t\t\t\t<\/div>\n\t\t<div class=\"elementor-element elementor-element-a70d982 e-con-full e-flex e-con e-child\" data-id=\"a70d982\" data-element_type=\"container\" data-e-type=\"container\">\n\t\t\t\t<div class=\"elementor-element elementor-element-6c543d0 elementor-widget elementor-widget-heading\" data-id=\"6c543d0\" data-element_type=\"widget\" data-e-type=\"widget\" data-widget_type=\"heading.default\">\n\t\t\t\t\t<h2 class=\"elementor-heading-title elementor-size-default\">Recanvis Originals<\/h2>\t\t\t\t<\/div>\n\t\t\t\t<div class=\"elementor-element elementor-element-4247795 elementor-widget elementor-widget-text-editor\" data-id=\"4247795\" data-element_type=\"widget\" data-e-type=\"widget\" data-widget_type=\"text-editor.default\">\n\t\t\t\t\t\t\t\t\t<p>Comptem amb una \u00e0mplia selecci\u00f3 de recanvis originals d\u00b4alta qualitat per a totes les marques i exclusius d\u00b4Opel en models d\u00b4autom\u00f2bils. Sabem que la qualitat i la confian\u00e7a s\u00f3n fonamentals quan es tracta de peces de recanvi, per la qual cosa treballem directament amb els fabricants per garantir que els nostres clients obtinguin peces genu\u00efnes que compleixin amb els est\u00e0ndards m\u00e9s alts. <\/p>\t\t\t\t\t\t\t\t<\/div>\n\t\t\t\t<\/div>\n\t\t<div class=\"elementor-element elementor-element-9380075 e-con-full e-flex e-con e-child\" data-id=\"9380075\" data-element_type=\"container\" data-e-type=\"container\">\n\t\t\t\t<div class=\"elementor-element elementor-element-cc4db97 elementor-widget elementor-widget-heading\" data-id=\"cc4db97\" data-element_type=\"widget\" data-e-type=\"widget\" data-widget_type=\"heading.default\">\n\t\t\t\t\t<h2 class=\"elementor-heading-title elementor-size-default\">Accessoris Originals<\/h2>\t\t\t\t<\/div>\n\t\t\t\t<div class=\"elementor-element elementor-element-78e6557 elementor-widget elementor-widget-text-editor\" data-id=\"78e6557\" data-element_type=\"widget\" data-e-type=\"widget\" data-widget_type=\"text-editor.default\">\n\t\t\t\t\t\t\t\t\t<p>A m\u00e9s dels recanvis, tamb\u00e9 oferim una \u00e0mplia gamma d&#8217;accessoris originals Opel per personalitzar i millorar el vehicle. Ja sigui que estiguis buscant millorar el rendiment del teu cotxe, afegir comoditats addicionals o simplement donar-li un toc personalitzat, tenim una \u00e0mplia selecci\u00f3 daccessoris per satisfer les teves necessitats. <\/p>\t\t\t\t\t\t\t\t<\/div>\n\t\t\t\t<\/div>\n\t\t<div class=\"elementor-element elementor-element-e7f5555 e-con-full e-flex e-con e-child\" data-id=\"e7f5555\" data-element_type=\"container\" data-e-type=\"container\">\n\t\t\t\t<div class=\"elementor-element elementor-element-a25a9fa elementor-widget elementor-widget-heading\" data-id=\"a25a9fa\" data-element_type=\"widget\" data-e-type=\"widget\" data-widget_type=\"heading.default\">\n\t\t\t\t\t<h2 class=\"elementor-heading-title elementor-size-default\">Taller mec\u00e0nic, xapa i pintura<\/h2>\t\t\t\t<\/div>\n\t\t\t\t<div class=\"elementor-element elementor-element-5a5be53 elementor-widget elementor-widget-text-editor\" data-id=\"5a5be53\" data-element_type=\"widget\" data-e-type=\"widget\" data-widget_type=\"text-editor.default\">\n\t\t\t\t\t\t\t\t\t<p>Oferim serveis de taller mec\u00e0nic i de xapa i pintura i amb les garanties Opel. Comptem amb un equip de t\u00e8cnics altament capacitats i amb experi\u00e8ncia que s&#8217;encarreguen de mantenir el vostre vehicle en \u00f2ptimes condicions. Ja sigui que necessitis un manteniment regular, reparacions o una renovaci\u00f3 completa de la carrosseria, el nostre taller est\u00e0 equipat amb les eines i els equips m\u00e9s moderns per garantir un treball de qualitat.  <\/p>\t\t\t\t\t\t\t\t<\/div>\n\t\t\t\t<\/div>\n\t\t<div class=\"elementor-element elementor-element-831015f e-con-full e-flex e-con e-child\" data-id=\"831015f\" data-element_type=\"container\" data-e-type=\"container\">\n\t\t\t\t<div class=\"elementor-element elementor-element-efdff0a elementor-widget elementor-widget-heading\" data-id=\"efdff0a\" data-element_type=\"widget\" data-e-type=\"widget\" data-widget_type=\"heading.default\">\n\t\t\t\t\t<h2 class=\"elementor-heading-title elementor-size-default\">Cotxe de substituci\u00f3<\/h2>\t\t\t\t<\/div>\n\t\t\t\t<div class=\"elementor-element elementor-element-2cb18c7 elementor-widget elementor-widget-text-editor\" data-id=\"2cb18c7\" data-element_type=\"widget\" data-e-type=\"widget\" data-widget_type=\"text-editor.default\">\n\t\t\t\t\t\t\t\t\t<p>Quan el cotxe es trobi al taller, pots disposar d&#8217;un vehicle de substituci\u00f3 per un preu redu\u00eft per continuar gaudint de la carretera.<\/p>\t\t\t\t\t\t\t\t<\/div>\n\t\t\t\t<\/div>\n\t\t<div class=\"elementor-element elementor-element-4d56311 e-con-full e-flex e-con e-child\" data-id=\"4d56311\" data-element_type=\"container\" data-e-type=\"container\">\n\t\t\t\t<div class=\"elementor-element elementor-element-0c2654d elementor-widget elementor-widget-heading\" data-id=\"0c2654d\" data-element_type=\"widget\" data-e-type=\"widget\" data-widget_type=\"heading.default\">\n\t\t\t\t\t<h2 class=\"elementor-heading-title elementor-size-default\">Recollida i entrega a domicili<\/h2>\t\t\t\t<\/div>\n\t\t\t\t<div class=\"elementor-element elementor-element-409fa6f elementor-widget elementor-widget-text-editor\" data-id=\"409fa6f\" data-element_type=\"widget\" data-e-type=\"widget\" data-widget_type=\"text-editor.default\">\n\t\t\t\t\t\t\t\t\t<p>Recogemos tu Opel en tu domicilio, lo traemos al taller para su mantenimiento o reparaci\u00f3n, y lo llevamos de nuevo hasta la puerta de tu casa, en perfecto estado y listo para la carretera. Por un coste adicional reducido, ahorrar\u00e1s tiempoRecollim el teu Opel al teu domicili, el portem al taller per al seu manteniment o reparaci\u00f3, i el portem de nou fins a la porta de casa teva, en perfecte estat i llest per a la carretera. Per un cost addicional redu\u00eft, estalviar\u00e0s temps i guanyar\u00e0s comoditat. y ganar\u00e1s comodidad. <\/p>\t\t\t\t\t\t\t\t<\/div>\n\t\t\t\t<\/div>\n\t\t\t\t\t<\/div>\n\t\t\t\t<\/div>\n\t\t<div class=\"elementor-element elementor-element-f42dafc e-con-full elementor-hidden-desktop e-flex e-con e-child\" data-id=\"f42dafc\" data-element_type=\"container\" data-e-type=\"container\" data-settings=\"{&quot;sticky&quot;:&quot;top&quot;,&quot;sticky_on&quot;:[&quot;desktop&quot;],&quot;sticky_offset&quot;:104,&quot;sticky_parent&quot;:&quot;yes&quot;,&quot;sticky_effects_offset&quot;:0,&quot;sticky_anchor_link_offset&quot;:0}\">\n\t\t\t\t<div class=\"elementor-element elementor-element-17f75e2 elementor-widget elementor-widget-button\" data-id=\"17f75e2\" data-element_type=\"widget\" data-e-type=\"widget\" data-widget_type=\"button.default\">\n\t\t\t\t\t\t\t\t\t\t<a class=\"elementor-button elementor-button-link elementor-size-sm\" href=\"https:\/\/opelviladecans.com\/contacte\/\">\n\t\t\t\t\t\t<span class=\"elementor-button-content-wrapper\">\n\t\t\t\t\t\t\t\t\t<span class=\"elementor-button-text\">Contacta amb nosaltres<\/span>\n\t\t\t\t\t<\/span>\n\t\t\t\t\t<\/a>\n\t\t\t\t\t\t\t\t<\/div>\n\t\t\t\t<\/div>\n\t\t\t\t<\/div>\n\t\t\t\t<\/div>\n\t\t","protected":false},"excerpt":{"rendered":"<p>Els nostresserveis Des del nostre equip d&#8217;experts apassionats pels cotxes fins a la nostra certificaci\u00f3 ISO 9001, ens esforcem per assolir els est\u00e0ndards m\u00e9s alts de qualitat i servei. Contacta amb nosaltres Finan\u00e7ament Un dels nostres serveis m\u00e9s sol\u00b7licitats \u00e9s el finan\u00e7ament. Oferim opcions de finan\u00e7ament flexibles que s&#8217;adapten a les necessitats i pressupost de [&hellip;]<\/p>\n","protected":false},"author":2,"featured_media":0,"parent":0,"menu_order":0,"comment_status":"closed","ping_status":"closed","template":"elementor_header_footer","meta":{"_acf_changed":false,"footnotes":""},"class_list":["post-2215","page","type-page","status-publish","hentry"],"acf":[],"yoast_head":"<!-- This site is optimized with the Yoast SEO plugin v27.5 - https:\/\/yoast.com\/product\/yoast-seo-wordpress\/ -->\n<title>Servei oficial Opel a Viladecans (Barcelona)<\/title>\n<meta name=\"description\" content=\"Servei oficial Opel a Viladecans (Barcelona): manteniment, reparaci\u00f3, diagnosi i taller oficial amb t\u00e8cnics especialitzats i atenci\u00f3 professional.\" \/>\n<meta name=\"robots\" content=\"index, follow, max-snippet:-1, max-image-preview:large, max-video-preview:-1\" \/>\n<link rel=\"canonical\" href=\"https:\/\/opelviladecans.com\/ca\/els-nostres-serveis\/\" \/>\n<meta property=\"og:locale\" content=\"ca_ES\" \/>\n<meta property=\"og:type\" content=\"article\" \/>\n<meta property=\"og:title\" content=\"Servei oficial Opel a Viladecans (Barcelona)\" \/>\n<meta property=\"og:description\" content=\"Servei oficial Opel a Viladecans (Barcelona): manteniment, reparaci\u00f3, diagnosi i taller oficial amb t\u00e8cnics especialitzats i atenci\u00f3 professional.\" \/>\n<meta property=\"og:url\" content=\"https:\/\/opelviladecans.com\/ca\/els-nostres-serveis\/\" \/>\n<meta property=\"og:site_name\" content=\"Opel Viladecans\" \/>\n<meta property=\"article:modified_time\" content=\"2026-05-04T14:57:34+00:00\" \/>\n<meta property=\"og:image\" content=\"https:\/\/opelviladecans.com\/wp-content\/uploads\/2026\/04\/opel-showroom-bg.jpg\" \/>\n\t<meta property=\"og:image:width\" content=\"2158\" \/>\n\t<meta property=\"og:image:height\" content=\"926\" \/>\n\t<meta property=\"og:image:type\" content=\"image\/jpeg\" \/>\n<meta name=\"twitter:card\" content=\"summary_large_image\" \/>\n<meta name=\"twitter:label1\" content=\"Temps estimat de lectura\" \/>\n\t<meta name=\"twitter:data1\" content=\"3 minuts\" \/>\n<script type=\"application\/ld+json\" class=\"yoast-schema-graph\">{\"@context\":\"https:\\\/\\\/schema.org\",\"@graph\":[{\"@type\":\"WebPage\",\"@id\":\"https:\\\/\\\/opelviladecans.com\\\/ca\\\/els-nostres-serveis\\\/\",\"url\":\"https:\\\/\\\/opelviladecans.com\\\/ca\\\/els-nostres-serveis\\\/\",\"name\":\"Servei oficial Opel a Viladecans (Barcelona)\",\"isPartOf\":{\"@id\":\"https:\\\/\\\/opelviladecans.com\\\/ca\\\/#website\"},\"primaryImageOfPage\":{\"@id\":\"https:\\\/\\\/opelviladecans.com\\\/ca\\\/els-nostres-serveis\\\/#primaryimage\"},\"image\":{\"@id\":\"https:\\\/\\\/opelviladecans.com\\\/ca\\\/els-nostres-serveis\\\/#primaryimage\"},\"thumbnailUrl\":\"https:\\\/\\\/opelviladecans.com\\\/wp-content\\\/uploads\\\/2026\\\/04\\\/opel-showroom-bg.jpg\",\"datePublished\":\"2026-03-25T10:02:34+00:00\",\"dateModified\":\"2026-05-04T14:57:34+00:00\",\"description\":\"Servei oficial Opel a Viladecans (Barcelona): manteniment, reparaci\u00f3, diagnosi i taller oficial amb t\u00e8cnics especialitzats i atenci\u00f3 professional.\",\"breadcrumb\":{\"@id\":\"https:\\\/\\\/opelviladecans.com\\\/ca\\\/els-nostres-serveis\\\/#breadcrumb\"},\"inLanguage\":\"ca\",\"potentialAction\":[{\"@type\":\"ReadAction\",\"target\":[\"https:\\\/\\\/opelviladecans.com\\\/ca\\\/els-nostres-serveis\\\/\"]}]},{\"@type\":\"ImageObject\",\"inLanguage\":\"ca\",\"@id\":\"https:\\\/\\\/opelviladecans.com\\\/ca\\\/els-nostres-serveis\\\/#primaryimage\",\"url\":\"https:\\\/\\\/opelviladecans.com\\\/wp-content\\\/uploads\\\/2026\\\/04\\\/opel-showroom-bg.jpg\",\"contentUrl\":\"https:\\\/\\\/opelviladecans.com\\\/wp-content\\\/uploads\\\/2026\\\/04\\\/opel-showroom-bg.jpg\"},{\"@type\":\"BreadcrumbList\",\"@id\":\"https:\\\/\\\/opelviladecans.com\\\/ca\\\/els-nostres-serveis\\\/#breadcrumb\",\"itemListElement\":[{\"@type\":\"ListItem\",\"position\":1,\"name\":\"Portada\",\"item\":\"https:\\\/\\\/opelviladecans.com\\\/ca\\\/\"},{\"@type\":\"ListItem\",\"position\":2,\"name\":\"Els nostres serveis\"}]},{\"@type\":\"WebSite\",\"@id\":\"https:\\\/\\\/opelviladecans.com\\\/ca\\\/#website\",\"url\":\"https:\\\/\\\/opelviladecans.com\\\/ca\\\/\",\"name\":\"Talleres Isidoro Ledesma - Opel Viladecans\",\"description\":\"\",\"publisher\":{\"@id\":\"https:\\\/\\\/opelviladecans.com\\\/ca\\\/#organization\"},\"potentialAction\":[{\"@type\":\"SearchAction\",\"target\":{\"@type\":\"EntryPoint\",\"urlTemplate\":\"https:\\\/\\\/opelviladecans.com\\\/ca\\\/?s={search_term_string}\"},\"query-input\":{\"@type\":\"PropertyValueSpecification\",\"valueRequired\":true,\"valueName\":\"search_term_string\"}}],\"inLanguage\":\"ca\"},{\"@type\":\"Organization\",\"@id\":\"https:\\\/\\\/opelviladecans.com\\\/ca\\\/#organization\",\"name\":\"Talleres Isidoro Ledesma\",\"url\":\"https:\\\/\\\/opelviladecans.com\\\/ca\\\/\",\"logo\":{\"@type\":\"ImageObject\",\"inLanguage\":\"ca\",\"@id\":\"https:\\\/\\\/opelviladecans.com\\\/ca\\\/#\\\/schema\\\/logo\\\/image\\\/\",\"url\":\"https:\\\/\\\/opelviladecans.com\\\/wp-content\\\/uploads\\\/2026\\\/03\\\/logo-opel-wl.avif\",\"contentUrl\":\"https:\\\/\\\/opelviladecans.com\\\/wp-content\\\/uploads\\\/2026\\\/03\\\/logo-opel-wl.avif\",\"width\":200,\"height\":200,\"caption\":\"Talleres Isidoro Ledesma\"},\"image\":{\"@id\":\"https:\\\/\\\/opelviladecans.com\\\/ca\\\/#\\\/schema\\\/logo\\\/image\\\/\"}}]}<\/script>\n<!-- \/ Yoast SEO plugin. -->","yoast_head_json":{"title":"Servei oficial Opel a Viladecans (Barcelona)","description":"Servei oficial Opel a Viladecans (Barcelona): manteniment, reparaci\u00f3, diagnosi i taller oficial amb t\u00e8cnics especialitzats i atenci\u00f3 professional.","robots":{"index":"index","follow":"follow","max-snippet":"max-snippet:-1","max-image-preview":"max-image-preview:large","max-video-preview":"max-video-preview:-1"},"canonical":"https:\/\/opelviladecans.com\/ca\/els-nostres-serveis\/","og_locale":"ca_ES","og_type":"article","og_title":"Servei oficial Opel a Viladecans (Barcelona)","og_description":"Servei oficial Opel a Viladecans (Barcelona): manteniment, reparaci\u00f3, diagnosi i taller oficial amb t\u00e8cnics especialitzats i atenci\u00f3 professional.","og_url":"https:\/\/opelviladecans.com\/ca\/els-nostres-serveis\/","og_site_name":"Opel Viladecans","article_modified_time":"2026-05-04T14:57:34+00:00","og_image":[{"width":2158,"height":926,"url":"https:\/\/opelviladecans.com\/wp-content\/uploads\/2026\/04\/opel-showroom-bg.jpg","type":"image\/jpeg"}],"twitter_card":"summary_large_image","twitter_misc":{"Temps estimat de lectura":"3 minuts"},"schema":{"@context":"https:\/\/schema.org","@graph":[{"@type":"WebPage","@id":"https:\/\/opelviladecans.com\/ca\/els-nostres-serveis\/","url":"https:\/\/opelviladecans.com\/ca\/els-nostres-serveis\/","name":"Servei oficial Opel a Viladecans (Barcelona)","isPartOf":{"@id":"https:\/\/opelviladecans.com\/ca\/#website"},"primaryImageOfPage":{"@id":"https:\/\/opelviladecans.com\/ca\/els-nostres-serveis\/#primaryimage"},"image":{"@id":"https:\/\/opelviladecans.com\/ca\/els-nostres-serveis\/#primaryimage"},"thumbnailUrl":"https:\/\/opelviladecans.com\/wp-content\/uploads\/2026\/04\/opel-showroom-bg.jpg","datePublished":"2026-03-25T10:02:34+00:00","dateModified":"2026-05-04T14:57:34+00:00","description":"Servei oficial Opel a Viladecans (Barcelona): manteniment, reparaci\u00f3, diagnosi i taller oficial amb t\u00e8cnics especialitzats i atenci\u00f3 professional.","breadcrumb":{"@id":"https:\/\/opelviladecans.com\/ca\/els-nostres-serveis\/#breadcrumb"},"inLanguage":"ca","potentialAction":[{"@type":"ReadAction","target":["https:\/\/opelviladecans.com\/ca\/els-nostres-serveis\/"]}]},{"@type":"ImageObject","inLanguage":"ca","@id":"https:\/\/opelviladecans.com\/ca\/els-nostres-serveis\/#primaryimage","url":"https:\/\/opelviladecans.com\/wp-content\/uploads\/2026\/04\/opel-showroom-bg.jpg","contentUrl":"https:\/\/opelviladecans.com\/wp-content\/uploads\/2026\/04\/opel-showroom-bg.jpg"},{"@type":"BreadcrumbList","@id":"https:\/\/opelviladecans.com\/ca\/els-nostres-serveis\/#breadcrumb","itemListElement":[{"@type":"ListItem","position":1,"name":"Portada","item":"https:\/\/opelviladecans.com\/ca\/"},{"@type":"ListItem","position":2,"name":"Els nostres serveis"}]},{"@type":"WebSite","@id":"https:\/\/opelviladecans.com\/ca\/#website","url":"https:\/\/opelviladecans.com\/ca\/","name":"Talleres Isidoro Ledesma - Opel Viladecans","description":"","publisher":{"@id":"https:\/\/opelviladecans.com\/ca\/#organization"},"potentialAction":[{"@type":"SearchAction","target":{"@type":"EntryPoint","urlTemplate":"https:\/\/opelviladecans.com\/ca\/?s={search_term_string}"},"query-input":{"@type":"PropertyValueSpecification","valueRequired":true,"valueName":"search_term_string"}}],"inLanguage":"ca"},{"@type":"Organization","@id":"https:\/\/opelviladecans.com\/ca\/#organization","name":"Talleres Isidoro Ledesma","url":"https:\/\/opelviladecans.com\/ca\/","logo":{"@type":"ImageObject","inLanguage":"ca","@id":"https:\/\/opelviladecans.com\/ca\/#\/schema\/logo\/image\/","url":"https:\/\/opelviladecans.com\/wp-content\/uploads\/2026\/03\/logo-opel-wl.avif","contentUrl":"https:\/\/opelviladecans.com\/wp-content\/uploads\/2026\/03\/logo-opel-wl.avif","width":200,"height":200,"caption":"Talleres Isidoro Ledesma"},"image":{"@id":"https:\/\/opelviladecans.com\/ca\/#\/schema\/logo\/image\/"}}]}},"_links":{"self":[{"href":"https:\/\/opelviladecans.com\/ca\/wp-json\/wp\/v2\/pages\/2215","targetHints":{"allow":["GET"]}}],"collection":[{"href":"https:\/\/opelviladecans.com\/ca\/wp-json\/wp\/v2\/pages"}],"about":[{"href":"https:\/\/opelviladecans.com\/ca\/wp-json\/wp\/v2\/types\/page"}],"author":[{"embeddable":true,"href":"https:\/\/opelviladecans.com\/ca\/wp-json\/wp\/v2\/users\/2"}],"replies":[{"embeddable":true,"href":"https:\/\/opelviladecans.com\/ca\/wp-json\/wp\/v2\/comments?post=2215"}],"version-history":[{"count":4,"href":"https:\/\/opelviladecans.com\/ca\/wp-json\/wp\/v2\/pages\/2215\/revisions"}],"predecessor-version":[{"id":2542,"href":"https:\/\/opelviladecans.com\/ca\/wp-json\/wp\/v2\/pages\/2215\/revisions\/2542"}],"wp:attachment":[{"href":"https:\/\/opelviladecans.com\/ca\/wp-json\/wp\/v2\/media?parent=2215"}],"curies":[{"name":"wp","href":"https:\/\/api.w.org\/{rel}","templated":true}]}}